{"id":1687,"date":"2013-12-18T08:42:16","date_gmt":"2013-12-18T08:42:16","guid":{"rendered":"http:\/\/www.kgs-janusz-korczak.de\/?page_id=1687"},"modified":"2024-07-10T12:13:43","modified_gmt":"2024-07-10T12:13:43","slug":"allgemeine-informationen","status":"publish","type":"page","link":"https:\/\/www.kgs-janusz-korczak.de\/?page_id=1687","title":{"rendered":"Allgemeine Informationen zur Schulsozialarbeit"},"content":{"rendered":"<p>Der Tr\u00e4ger Netzwerk e.V. gew\u00e4hrleistet regelm\u00e4\u00dfige Fortbildungen und Supervision.<\/p>\n<p>Die Angebote im Einzelnen:<\/p>\n<ul>\n<li>Beratung und Begleitung von einzelnen Sch\u00fcler_innen, z.B. durch Einzelfallhilfe, Beratungsgespr\u00e4che bei sozialen, schulischen oder pers\u00f6nlichen Problemen<\/li>\n<li>Unterst\u00fctzung im schulischen Zusammenleben, z.B. durch Streitschlichtung<\/li>\n<li>soziale Gruppenarbeit, z.B. soziales Kompetenztraining<\/li>\n<li>Mitwirkung in schulischen Gremien, z.B.\u00a0 Kinderparlament, Lehrerkonferenz, Gesamtkonferenz, Klassenkonferenz, Schulprogrammarbeit<\/li>\n<li>Elternberatung\u00a0 z.B. bei Schwierigkeiten in der Schule, famili\u00e4ren Problemen,\u00a0 Erziehungsfragen, Beratung \u00fcber Angebote im Stadtteil, ggf. Vermittlung an Fachberatungsstellen<\/li>\n<li>Unterst\u00fctzung bei der Beantragung von F\u00f6rdermitteln im Rahmen des Bildungs- und Teilhabepaketes (z.B. f\u00fcr das kostenlose Mittagessen, Zusch\u00fcsse f\u00fcr Klassenfahrten, Tagesausfl\u00fcge mit der Schule, aber auch Zusch\u00fcsse f\u00fcr Vereine oder Musikunterricht und Ferienfreizeiten), Kindergeldzuschlag, Wohngeld etc.<\/li>\n<li>Vernetzung durch Zusammenarbeit in Gremien wie dem AK Mut gegen Gewalt oder NEiS<\/li>\n<\/ul>\n<p><strong>Wichtig:\u00a0\u00a0Alle Gespr\u00e4che werden vertraulich behandelt und Inhalte nur mit Ihrer Zustimmung und in vorheriger Absprache weiter gegeben.<\/strong><\/p>\n<p>Das B\u00fcro ist f\u00fcr Eltern und Kinder<span style=\"font-size: 1rem;\"> nach Vereinbarung ge\u00f6ffnet.<\/span><\/p>\n<p>\u00a0<\/p>\n<p>Sie erreichen mich telefonisch unter: 0221 888274-30 oder 0152308271931 oder per E-Mail\u00a0 unter: antonia.trogus@netzwerk.koeln<\/p>\n<p>\u00a0<\/p>\n<p>Kontaktieren Sie mich gerne auf einer der zuvor genannten Wege. Ich freue mich auf eine gute und vertrauensvolle Zusammenarbeit mit Ihnen!<\/p>\n\n\n<p><\/p>\n","protected":false},"excerpt":{"rendered":"<p>Der Tr\u00e4ger Netzwerk e.V. gew\u00e4hrleistet regelm\u00e4\u00dfige Fortbildungen und Supervision. Die Angebote im Einzelnen: Beratung und Begleitung von einzelnen Sch\u00fcler_innen, z.B. durch Einzelfallhilfe, Beratungsgespr\u00e4che bei sozialen, schulischen oder pers\u00f6nlichen Problemen Unterst\u00fctzung [&hellip;]<\/p>\n","protected":false},"author":1,"featured_media":0,"parent":1304,"menu_order":1,"comment_status":"closed","ping_status":"closed","template":"","meta":{"footnotes":"","_links_to":"","_links_to_target":""},"class_list":["post-1687","page","type-page","status-publish","hentry"],"post_mailing_queue_ids":[],"_links":{"self":[{"href":"https:\/\/www.kgs-janusz-korczak.de\/index.php?rest_route=\/wp\/v2\/pages\/1687","targetHints":{"allow":["GET"]}}],"collection":[{"href":"https:\/\/www.kgs-janusz-korczak.de\/index.php?rest_route=\/wp\/v2\/pages"}],"about":[{"href":"https:\/\/www.kgs-janusz-korczak.de\/index.php?rest_route=\/wp\/v2\/types\/page"}],"author":[{"embeddable":true,"href":"https:\/\/www.kgs-janusz-korczak.de\/index.php?rest_route=\/wp\/v2\/users\/1"}],"replies":[{"embeddable":true,"href":"https:\/\/www.kgs-janusz-korczak.de\/index.php?rest_route=%2Fwp%2Fv2%2Fcomments&post=1687"}],"version-history":[{"count":28,"href":"https:\/\/www.kgs-janusz-korczak.de\/index.php?rest_route=\/wp\/v2\/pages\/1687\/revisions"}],"predecessor-version":[{"id":6629,"href":"https:\/\/www.kgs-janusz-korczak.de\/index.php?rest_route=\/wp\/v2\/pages\/1687\/revisions\/6629"}],"up":[{"embeddable":true,"href":"https:\/\/www.kgs-janusz-korczak.de\/index.php?rest_route=\/wp\/v2\/pages\/1304"}],"wp:attachment":[{"href":"https:\/\/www.kgs-janusz-korczak.de\/index.php?rest_route=%2Fwp%2Fv2%2Fmedia&parent=1687"}],"curies":[{"name":"wp","href":"https:\/\/api.w.org\/{rel}","templated":true}]}}