{"id":2832,"date":"2017-03-14T17:12:18","date_gmt":"2017-03-14T17:12:18","guid":{"rendered":"http:\/\/www.kgs-janusz-korczak.de\/?page_id=2832"},"modified":"2019-01-31T09:58:50","modified_gmt":"2019-01-31T09:58:50","slug":"flip","status":"publish","type":"page","link":"https:\/\/www.kgs-janusz-korczak.de\/?page_id=2832","title":{"rendered":"FLiP"},"content":{"rendered":"<h2 dir=\"LTR\" align=\"JUSTIFY\">FLiP &#8211; <strong>F<\/strong>\u00f6rdern\/<strong>F<\/strong>ordern &#8211; <strong>L<\/strong>ernen &#8211; <strong>i<\/strong>ndividuelle <strong>P<\/strong>rojekte<\/h2>\n<p dir=\"LTR\" align=\"JUSTIFY\">Die JKS hat das Unterrichtskonzept \u201eFLiP&#8220; \u2013 F\u00f6rdern\/Fordern \u2013 Lernen \u2013 individuelle Projekte \u2013 im Sommer 2016 auf den Weg gebracht, um allen Sch\u00fclerinnen und Sch\u00fclern, deren individuellen Bed\u00fcrfnissen und den Bedingungen der Schule gerecht zu werden. Als G\u00fctesiegelschule ist uns die individuelle Begleitung, Unterst\u00fctzung und F\u00f6rderung \/ Forderung der Lernenden oberstes Gebot. Das Konzept wird kontinuierlich evaluiert und modifiziert.<\/p>\n<p dir=\"LTR\" align=\"JUSTIFY\"><strong>Was bedeutet dies genau?<\/strong><\/p>\n<ol>\n<li>Es gibt f\u00fcr alle Klassen mindestens eine verbindliche FLiP-Zeit pro Tag. Hier sind die Klassen vorbehaltlich der personellen Versorgung doppelt besetzt.<\/li>\n<li>Die FLiP-Stunden liegen in den jeweiligen Klassenstufen i.d.R. parallel \u2013 z.B. in der 5. Stunde. So wird auch klassen\u00fcbergreifendes und ggf.\u00a0auch stufen\u00fcbergreifendes Arbeiten erm\u00f6glicht.<\/li>\n<li>Die Kinder arbeiten an sogenannten FLiP-Pl\u00e4nen.<\/li>\n<li>Die Hausaufgaben werden zum Teil in der FLiP-Stunde behandelt, zum Teil als (individuelle) Hausaufgaben mit nach Hause gegeben.<\/li>\n<\/ol>\n<p dir=\"LTR\" align=\"JUSTIFY\">In der FLiP-Zeit, die in der Regel nach der gro\u00dfen Pause liegt, sind die Klassen zumeist doppelt besetzt mit Unterst\u00fctzung der GL-Lehrkr\u00e4fte und OGS-Mitarbeiter, sofern die personellen Bedingungen dies erm\u00f6glichen. Die Lehrkraft legt den Inhalt dieser Zeit fest. Es k\u00f6nnen u.a. in dieser Zeit stattfinden:<\/p>\n<ul>\n<li>F\u00f6rder-\/Forderunterricht<\/li>\n<li>Individuelle (Klassen-)Projekte<\/li>\n<li>Individuelles \u00dcben in Einzelf\u00f6rderung oder in Gruppen<\/li>\n<li>Klassenunterricht (z.B. Ma, De, Su)<\/li>\n<li>\u2026<\/li>\n<\/ul>\n<p dir=\"LTR\" align=\"JUSTIFY\">Eine R\u00fcckmeldung dar\u00fcber, was das Kind individuell \u00fcben, vertiefen, wiederholen, festigen soll und der Austausch zwischen Elternhaus und Schule erfolgt entweder \u00fcber den FLiP-Plan oder das Mitteilungsheft.<\/p>\n<p dir=\"LTR\" align=\"JUSTIFY\">An der JKS gibt es st\u00e4ndige \u201eHaus&#8220;-Aufgaben f\u00fcr alle Kinder. Non-OGS-Kinder erledigen diese idR zu Hause, OGS-Kinder haben die M\u00f6glichkeit, diese in den OGS-Klassenstunden zu erledigen.<\/p>\n<p dir=\"LTR\" align=\"JUSTIFY\">St\u00e4ndige Aufgaben sind zB<\/p>\n<ul>\n<li>t\u00e4gliches Lesen, Lies-mal-Hefe, Antolin, \u2026,<\/li>\n<li>t\u00e4gliches Kopfrechnen (zB 1&#215;1-Reihen, \u201everliebte Zahlen&#8220;, \u2026),<\/li>\n<li>Lernw\u00f6rtertraining,<\/li>\n<li>Stars-Hefte,<\/li>\n<li>\u2026 (Diese Sammlung ist nicht abschlie\u00dfend und f\u00fcr alle Klassen verbindlich. Sie wird den Jahrg\u00e4ngen angepasst und auf den ersten Pflegschaftsabenden f\u00fcr die jeweilige Klasse festgelegt)<\/li>\n<\/ul>\n<p dir=\"LTR\" align=\"JUSTIFY\"><strong>Wie arbeiten wir auf unser Ziel zu?<\/strong><\/p>\n<p dir=\"LTR\" align=\"JUSTIFY\">Das Schulteam hat in einem 2-Jahres-Plan festgelegt, welche Schritte zur Implementierung des FLiP-Konzeptes im Schulprogramm notwendig sind. Das Jahresthema der p\u00e4dagogischen Konferenzen ist damit festgelegt bis August 2018.<\/p>\n<p dir=\"LTR\" align=\"JUSTIFY\">Es wird p\u00e4dagogische Ganztagskonferenzen zusammen mit dem OGS-Team geben \u2013 teilweise durch externe Begleitung wie zB das Kompetenzteam K\u00f6ln.<\/p>\n<p dir=\"LTR\" align=\"JUSTIFY\">Schulteammitglieder bilden sich zus\u00e4tzlich extern fort und fungieren im Kollegium als Multiplikatoren, wenn sie die Inhalte in den Konferenzen einbringen.<\/p>\n<p dir=\"LTR\" align=\"JUSTIFY\">Es\u00a0fand ein Informationsabend zum Thema \u201eDas Lernen lernen&#8220; statt, der allen Interessierten \u2013 Eltern und Schulteammitgliedern \u2013 offen stand.<\/p>\n<p dir=\"LTR\" align=\"JUSTIFY\">Die Schulpflegschaft wird in regelm\u00e4\u00dfigen Abst\u00e4nden informiert, damit zB Neuerungen oder das Erreichen von Meilensteinen an die Eltern der JKS weitergegeben werden k\u00f6nnen.<\/p>\n<p dir=\"LTR\" align=\"JUSTIFY\"><strong>Was ist geplant?<\/strong><\/p>\n<p dir=\"LTR\" align=\"JUSTIFY\">Wir wollen eine f\u00fcr alle Klassen einheitliche Kriterien f\u00fcr eine\u00a0FLiP-Plan-Struktur erarbeiten, zur Transparenz gegen\u00fcber den Eltern und auch, damit jedes Kind in jeder Klasse die \u00e4hnlichen Rahmenbedingungen erh\u00e4lt.<\/p>\n<p dir=\"LTR\" align=\"JUSTIFY\">Wir haben je nach Fach Lernecken eingerichtet (gr\u00fcne Ecke f\u00fcr Sachunterricht, rote Ecke f\u00fcr Deutsch, \u2026). Dazu sollen auch neue M\u00f6bel angeschafft werden \u2013 sofern der Schultr\u00e4ger hierzu Mittel bereit stellen kann.<\/p>\n<p>Lernzielkontrollen sollen individualisiert werden, so dass die Kinder den Zeitpunkt einer schriftlichen \u00dcberpr\u00fcfung ihres Lernstoffes selbst w\u00e4hlen k\u00f6nnen. Lernzielkontrollen k\u00f6nnen dann zB hei\u00dfen \u201eZeig, was Du kannst!&#8220; Die Inhalte der Lernzielkontrollen sind auf den Stufen einheitlich \u2013 d.h. den zu erreichenden Kompetenzen des jeweiligen Faches im Lehrplan angepasst &#8211; und sollen durch die Fachkonferenzen erarbeitet werden.<\/p>\n","protected":false},"excerpt":{"rendered":"<p>FLiP &#8211; F\u00f6rdern\/Fordern &#8211; Lernen &#8211; individuelle Projekte Die JKS hat das Unterrichtskonzept \u201eFLiP&#8220; \u2013 F\u00f6rdern\/Fordern \u2013 Lernen \u2013 individuelle Projekte \u2013 im Sommer 2016 auf den Weg gebracht, um [&hellip;]<\/p>\n","protected":false},"author":1,"featured_media":0,"parent":523,"menu_order":2,"comment_status":"closed","ping_status":"closed","template":"","meta":{"footnotes":"","_links_to":"","_links_to_target":""},"class_list":["post-2832","page","type-page","status-publish","hentry"],"post_mailing_queue_ids":[],"_links":{"self":[{"href":"https:\/\/www.kgs-janusz-korczak.de\/index.php?rest_route=\/wp\/v2\/pages\/2832","targetHints":{"allow":["GET"]}}],"collection":[{"href":"https:\/\/www.kgs-janusz-korczak.de\/index.php?rest_route=\/wp\/v2\/pages"}],"about":[{"href":"https:\/\/www.kgs-janusz-korczak.de\/index.php?rest_route=\/wp\/v2\/types\/page"}],"author":[{"embeddable":true,"href":"https:\/\/www.kgs-janusz-korczak.de\/index.php?rest_route=\/wp\/v2\/users\/1"}],"replies":[{"embeddable":true,"href":"https:\/\/www.kgs-janusz-korczak.de\/index.php?rest_route=%2Fwp%2Fv2%2Fcomments&post=2832"}],"version-history":[{"count":6,"href":"https:\/\/www.kgs-janusz-korczak.de\/index.php?rest_route=\/wp\/v2\/pages\/2832\/revisions"}],"predecessor-version":[{"id":4130,"href":"https:\/\/www.kgs-janusz-korczak.de\/index.php?rest_route=\/wp\/v2\/pages\/2832\/revisions\/4130"}],"up":[{"embeddable":true,"href":"https:\/\/www.kgs-janusz-korczak.de\/index.php?rest_route=\/wp\/v2\/pages\/523"}],"wp:attachment":[{"href":"https:\/\/www.kgs-janusz-korczak.de\/index.php?rest_route=%2Fwp%2Fv2%2Fmedia&parent=2832"}],"curies":[{"name":"wp","href":"https:\/\/api.w.org\/{rel}","templated":true}]}}