{"id":3942,"date":"2018-09-13T09:17:38","date_gmt":"2018-09-13T09:17:38","guid":{"rendered":"http:\/\/www.kgs-janusz-korczak.de\/?page_id=3942"},"modified":"2023-03-02T09:24:31","modified_gmt":"2023-03-02T09:24:31","slug":"ibis-schulbegleitung","status":"publish","type":"page","link":"https:\/\/www.kgs-janusz-korczak.de\/?page_id=3942","title":{"rendered":"IBiS &#8211; Inklusionsbegleitung"},"content":{"rendered":"<p>\u00a0<\/p>\n<p><strong>Inklusionsbegleitung<\/strong><\/p>\n<p><a href=\"http:\/\/www.kgs-janusz-korczak.de\/wp-content\/uploads\/Infobrief-Beantragung-Inklusionsbegleitung-fuer-Eltern.pdf\">Infobrief &#8211; Beantragung Inklusionsbegleitung f\u00fcr Eltern<\/a><\/p>\n<p>Seit dem Schuljahr 2018\/2019 wird Inklusionsbegleitung im Rahmen des IBiS-Poolmodells an der Janusz-Korczak-Schule angeboten und ist Teil des Schulkonzepts. IBiS bedeutet inklusive Bildung in Schule.<\/p>\n<p>\u00a0Mitarbeiter*innen des Pools f\u00fcr die Inklusionsbegleitung sind ebenfalls beim Tr\u00e4ger des Ganztags, bei Netzwerk e.V. angestellt und begleiten Kinder mit besonderem Hilfebedarf in enger Kooperation mit dem Lehrerkollegium, sowie mit der OGS.<\/p>\n<p>Die Inklusionsbegleitungen begleiten die Kinder in allen Bereichen des Schullebens. Im Unterricht und bei Bedarf im Nachmittag, bei Ausfl\u00fcgen und auf Klassenfahrten. Neben der Vermittlung von Sicherheit und Vertrauen leisten sie u.a.<\/p>\n<ul>\n<li>Hilfe beim Beziehungsaufbau,<\/li>\n<li>Begleitung zur Einbindung in die Klassengemeinschaft,<\/li>\n<li>Hinf\u00fchrung zu Regelverst\u00e4ndnis und Akzeptanz,<\/li>\n<li>Unterst\u00fctzung bei der Erarbeitung von Arbeitsauftr\u00e4gen,<\/li>\n<li>Anleitung bei lebenspraktischen Verrichtungen<\/li>\n<\/ul>\n<p>Unsere Motivation ist das gemeinsame Ziel, die Kinder zur Eigenverantwortung und Selbstst\u00e4ndigkeit hinzuf\u00fchren. Dabei gilt \u201eso viel Unterst\u00fctzung wie n\u00f6tig, so wenig wie m\u00f6glich\u201c.<\/p>\n<p>Die Verteilung der Begleitstunden auf die verschiedenen Bereiche des Schulalltags wird vor Ort von der Pool-Koordination geplant und erfolgt in enger Absprache mit allen Beteiligten. Deshalb hat im Rahmen des IBiS-Pools jede Inklusionsbegleitung ein oder mehrere Kinder, f\u00fcr die sie zust\u00e4ndig ist. Die individuellen Bed\u00fcrfnisse des Kindes finden dabei besondere Ber\u00fccksichtigung.<\/p>\n<p>Koordinatorin des Inklusionsbegleitungs-Pools an der JKS:<\/p>\n<p>Anna Schmainta<\/p>\n<p>e-mail: anna.schmainta@netzwerk.koeln<\/p>\n<p>tel.: 01523-8271835<\/p>\n<p>\u00a0<\/p>\n\n\n<p><\/p>\n","protected":false},"excerpt":{"rendered":"<p>\u00a0 Inklusionsbegleitung Infobrief &#8211; Beantragung Inklusionsbegleitung f\u00fcr Eltern Seit dem Schuljahr 2018\/2019 wird Inklusionsbegleitung im Rahmen des IBiS-Poolmodells an der Janusz-Korczak-Schule angeboten und ist Teil des Schulkonzepts. IBiS bedeutet inklusive [&hellip;]<\/p>\n","protected":false},"author":1,"featured_media":0,"parent":476,"menu_order":8,"comment_status":"closed","ping_status":"closed","template":"","meta":{"footnotes":"","_links_to":"","_links_to_target":""},"class_list":["post-3942","page","type-page","status-publish","hentry"],"post_mailing_queue_ids":[],"_links":{"self":[{"href":"https:\/\/www.kgs-janusz-korczak.de\/index.php?rest_route=\/wp\/v2\/pages\/3942","targetHints":{"allow":["GET"]}}],"collection":[{"href":"https:\/\/www.kgs-janusz-korczak.de\/index.php?rest_route=\/wp\/v2\/pages"}],"about":[{"href":"https:\/\/www.kgs-janusz-korczak.de\/index.php?rest_route=\/wp\/v2\/types\/page"}],"author":[{"embeddable":true,"href":"https:\/\/www.kgs-janusz-korczak.de\/index.php?rest_route=\/wp\/v2\/users\/1"}],"replies":[{"embeddable":true,"href":"https:\/\/www.kgs-janusz-korczak.de\/index.php?rest_route=%2Fwp%2Fv2%2Fcomments&post=3942"}],"version-history":[{"count":9,"href":"https:\/\/www.kgs-janusz-korczak.de\/index.php?rest_route=\/wp\/v2\/pages\/3942\/revisions"}],"predecessor-version":[{"id":6265,"href":"https:\/\/www.kgs-janusz-korczak.de\/index.php?rest_route=\/wp\/v2\/pages\/3942\/revisions\/6265"}],"up":[{"embeddable":true,"href":"https:\/\/www.kgs-janusz-korczak.de\/index.php?rest_route=\/wp\/v2\/pages\/476"}],"wp:attachment":[{"href":"https:\/\/www.kgs-janusz-korczak.de\/index.php?rest_route=%2Fwp%2Fv2%2Fmedia&parent=3942"}],"curies":[{"name":"wp","href":"https:\/\/api.w.org\/{rel}","templated":true}]}}