{"id":4778,"date":"2019-10-30T10:27:16","date_gmt":"2019-10-30T10:27:16","guid":{"rendered":"http:\/\/www.kgs-janusz-korczak.de\/?page_id=4778"},"modified":"2024-10-30T08:01:31","modified_gmt":"2024-10-30T08:01:31","slug":"foerderverein","status":"publish","type":"page","link":"https:\/\/www.kgs-janusz-korczak.de\/?page_id=4778","title":{"rendered":"F\u00f6rderverein"},"content":{"rendered":"\n<div class=\"wp-block-image\"><figure class=\"aligncenter size-large\"><img loading=\"lazy\" decoding=\"async\" width=\"700\" height=\"707\" src=\"https:\/\/www.kgs-janusz-korczak.de\/wp-content\/uploads\/Foerderverein-1-700x707.png\" alt=\"\" class=\"wp-image-6856\" srcset=\"https:\/\/www.kgs-janusz-korczak.de\/wp-content\/uploads\/Foerderverein-1-700x707.png 700w, https:\/\/www.kgs-janusz-korczak.de\/wp-content\/uploads\/Foerderverein-1-297x300.png 297w, https:\/\/www.kgs-janusz-korczak.de\/wp-content\/uploads\/Foerderverein-1-90x90.png 90w, https:\/\/www.kgs-janusz-korczak.de\/wp-content\/uploads\/Foerderverein-1-75x75.png 75w, https:\/\/www.kgs-janusz-korczak.de\/wp-content\/uploads\/Foerderverein-1.png 764w\" sizes=\"auto, (max-width: 700px) 100vw, 700px\" \/><\/figure><\/div>\n\n\n\n<p><\/p>\n\n\n\n<p><\/p>\n\n\n\n<p class=\"has-text-align-center has-medium-font-size\"><strong>Wie erreichen Sie uns?<\/strong><br>Gerne stehen wir Ihnen auch pers\u00f6nlich f\u00fcr Fragen oder Anregungen zur Verf\u00fcgung.<br>Sie erreichen uns \u00fcber die eMail Adresse:&nbsp;<a rel=\"noreferrer noopener\" href=\"mailto:jks.foerderverein@web.de\" target=\"_blank\">jks.foerderverein@web.de<\/a>&nbsp;oder postalisch (Briefkasten im Foyer der Schule)<\/p>\n\n\n\n<div class=\"wp-block-columns is-layout-flex wp-container-core-columns-is-layout-9d6595d7 wp-block-columns-is-layout-flex\">\n<div class=\"wp-block-column is-layout-flow wp-block-column-is-layout-flow\" style=\"flex-basis:100%\"><\/div>\n<\/div>\n\n\n\n<p><\/p>\n\n\n\n<div class=\"wp-block-file\"><a id=\"wp-block-file--media-198f958f-32b0-4d6a-b9ca-4043c66adc2c\" href=\"https:\/\/www.kgs-janusz-korczak.de\/wp-content\/uploads\/Infoflyer-1.pdf\">Infoflyer<\/a><a href=\"https:\/\/www.kgs-janusz-korczak.de\/wp-content\/uploads\/Infoflyer-1.pdf\" class=\"wp-block-file__button\" download aria-describedby=\"wp-block-file--media-198f958f-32b0-4d6a-b9ca-4043c66adc2c\">Herunterladen<\/a><\/div>\n\n\n\n<div class=\"wp-block-file\"><a id=\"wp-block-file--media-692d4189-ec89-4236-b6a0-2c0af6c466cb\" href=\"http:\/\/www.kgs-janusz-korczak.de\/wp-content\/uploads\/Antrag.pdf\">Antrag<\/a><a href=\"http:\/\/www.kgs-janusz-korczak.de\/wp-content\/uploads\/Antrag.pdf\" class=\"wp-block-file__button\" download aria-describedby=\"wp-block-file--media-692d4189-ec89-4236-b6a0-2c0af6c466cb\">Herunterladen<\/a><\/div>\n\n\n\n<div class=\"wp-block-file\"><a id=\"wp-block-file--media-af9a912b-2ae9-4f6f-9a4c-23ad5a368a9d\" href=\"http:\/\/www.kgs-janusz-korczak.de\/wp-content\/uploads\/Merkblatt.pdf\">Merkblatt<\/a><a href=\"http:\/\/www.kgs-janusz-korczak.de\/wp-content\/uploads\/Merkblatt.pdf\" class=\"wp-block-file__button\" download aria-describedby=\"wp-block-file--media-af9a912b-2ae9-4f6f-9a4c-23ad5a368a9d\">Herunterladen<\/a><\/div>\n\n\n\n<p><\/p>\n","protected":false},"excerpt":{"rendered":"<p>Wie erreichen Sie uns?Gerne stehen wir Ihnen auch pers\u00f6nlich f\u00fcr Fragen oder Anregungen zur Verf\u00fcgung.Sie erreichen uns \u00fcber die eMail Adresse:&nbsp;jks.foerderverein@web.de&nbsp;oder postalisch (Briefkasten im Foyer der Schule)<\/p>\n","protected":false},"author":1,"featured_media":0,"parent":0,"menu_order":2,"comment_status":"closed","ping_status":"closed","template":"","meta":{"footnotes":"","_links_to":"","_links_to_target":""},"class_list":["post-4778","page","type-page","status-publish","hentry"],"post_mailing_queue_ids":[],"_links":{"self":[{"href":"https:\/\/www.kgs-janusz-korczak.de\/index.php?rest_route=\/wp\/v2\/pages\/4778","targetHints":{"allow":["GET"]}}],"collection":[{"href":"https:\/\/www.kgs-janusz-korczak.de\/index.php?rest_route=\/wp\/v2\/pages"}],"about":[{"href":"https:\/\/www.kgs-janusz-korczak.de\/index.php?rest_route=\/wp\/v2\/types\/page"}],"author":[{"embeddable":true,"href":"https:\/\/www.kgs-janusz-korczak.de\/index.php?rest_route=\/wp\/v2\/users\/1"}],"replies":[{"embeddable":true,"href":"https:\/\/www.kgs-janusz-korczak.de\/index.php?rest_route=%2Fwp%2Fv2%2Fcomments&post=4778"}],"version-history":[{"count":14,"href":"https:\/\/www.kgs-janusz-korczak.de\/index.php?rest_route=\/wp\/v2\/pages\/4778\/revisions"}],"predecessor-version":[{"id":6863,"href":"https:\/\/www.kgs-janusz-korczak.de\/index.php?rest_route=\/wp\/v2\/pages\/4778\/revisions\/6863"}],"wp:attachment":[{"href":"https:\/\/www.kgs-janusz-korczak.de\/index.php?rest_route=%2Fwp%2Fv2%2Fmedia&parent=4778"}],"curies":[{"name":"wp","href":"https:\/\/api.w.org\/{rel}","templated":true}]}}