{"id":5198,"date":"2020-09-07T06:53:15","date_gmt":"2020-09-07T06:53:15","guid":{"rendered":"http:\/\/www.kgs-janusz-korczak.de\/?page_id=5198"},"modified":"2026-04-22T07:44:30","modified_gmt":"2026-04-22T07:44:30","slug":"anmeldung-2020-2021","status":"publish","type":"page","link":"https:\/\/www.kgs-janusz-korczak.de\/?page_id=5198","title":{"rendered":"Einschulung 2026\/2027"},"content":{"rendered":"\n<blockquote class=\"wp-block-quote is-style-large is-layout-flow wp-block-quote-is-layout-flow\">\n<p><strong>Informationen rund um die neuen Erstkl\u00e4ssler*innen<\/strong><br><\/p>\n\n\n\n<p><\/p>\n<\/blockquote>\n\n\n\n<p><\/p>\n\n\n\n<p><iframe loading=\"lazy\" title=\"Die Schritte vor der Einschulung\" width=\"900\" height=\"506\" src=\"https:\/\/www.youtube.com\/embed\/hWSSkc95juo?start=61&#038;feature=oembed\" frameborder=\"0\" allow=\"accelerometer; autoplay; clipboard-write; encrypted-media; gyroscope; picture-in-picture; web-share\" referrerpolicy=\"strict-origin-when-cross-origin\" allowfullscreen><\/iframe><\/p>\n\n\n\n<p class=\"has-text-align-left has-medium-font-size\"><strong>Liebe Eltern, <br><\/strong><br><strong>an dieser Stelle werden wir Sie auf dem Laufenden halten und Sie mit allen relevanten Informationen zur Einschulung Ihres Kindes versorgen.<br>Schauen Sie regelm\u00e4\u00dfig vorbei, um Post von Klassenleitung, Schulleitung, OGS und F\u00f6rderverein zu bekommen.<\/strong><br><br><strong>Mit besten Gr\u00fc\u00dfen<br>Thorsten Tiarks                     <\/strong><br>Schulleiter  <br><strong>Juliane Michaelis<\/strong>                           <br>Konrektorin<strong><br><\/strong><\/p>\n\n\n<div class=\"wp-block-image\">\n<figure class=\"aligncenter size-full\"><img loading=\"lazy\" decoding=\"async\" width=\"700\" height=\"149\" src=\"https:\/\/www.kgs-janusz-korczak.de\/wp-content\/uploads\/image-2.png\" alt=\"\" class=\"wp-image-6292\" srcset=\"https:\/\/www.kgs-janusz-korczak.de\/wp-content\/uploads\/image-2.png 700w, https:\/\/www.kgs-janusz-korczak.de\/wp-content\/uploads\/image-2-300x64.png 300w\" sizes=\"auto, (max-width: 700px) 100vw, 700px\" \/><\/figure>\n<\/div>\n\n\n<p><strong>Liebe Eltern,<\/strong><\/p>\n\n\n\n<p>es dauert nicht mehr lang und aus ihren bisherigen Vorschulkinder werden waschechte ID\u00f6tzchen. Wir freuen uns schon jetzt sehr darauf und m\u00f6chten Sie an dieser Stelle mit Informationen rund um diese aufregende Zeit versorgen. <\/p>\n\n\n\n<p>Mit der Schulplatzzusage erhalten Sie Informationen zu der Einschulung und allen wichtigen Terminen. <\/p>\n\n\n\n<p>Sollten sich dar\u00fcber hinaus noch Fragen Ihrerseits ergeben, melden Sie sich gerne bei uns unter einer der folgenden Mailadressen: juliane.michaelis@stadt-koeln.de oder 112148@schule.nrw.de<\/p>\n\n\n\n<p>Herzliche Gr\u00fc\u00dfe aus Poll<\/p>\n\n\n\n<p><\/p>\n\n\n\n<p>Juliane Michaelis <\/p>\n\n\n\n<p>Konrektorin<\/p>\n\n\n\n<hr class=\"wp-block-separator has-css-opacity\"\/>\n\n\n\n<h2 class=\"wp-block-heading\">HIER FINDEN SIE ALLE RELEVANTEN INFORMATIONEN ZUM THEMA EINSCHULUNG<\/h2>\n\n\n\n<p><\/p>\n\n\n\n<hr class=\"wp-block-separator has-css-opacity\"\/>\n\n\n<div class=\"wp-block-image\">\n<figure class=\"aligncenter size-full\"><img loading=\"lazy\" decoding=\"async\" width=\"700\" height=\"149\" src=\"https:\/\/www.kgs-janusz-korczak.de\/wp-content\/uploads\/image-2.png\" alt=\"\" class=\"wp-image-6292\" srcset=\"https:\/\/www.kgs-janusz-korczak.de\/wp-content\/uploads\/image-2.png 700w, https:\/\/www.kgs-janusz-korczak.de\/wp-content\/uploads\/image-2-300x64.png 300w\" sizes=\"auto, (max-width: 700px) 100vw, 700px\" \/><\/figure>\n<\/div>\n\n\n<div data-wp-interactive=\"core\/file\" class=\"wp-block-file\"><object data-wp-bind--hidden=\"!state.hasPdfPreview\" hidden class=\"wp-block-file__embed\" data=\"https:\/\/www.kgs-janusz-korczak.de\/wp-content\/uploads\/1-einverstaendnis-abbildungen-homepage.pdf\" type=\"application\/pdf\" style=\"width:100%;height:600px\" aria-label=\"Einbettung von 1-einverstaendnis-abbildungen-homepage.\"><\/object><a id=\"wp-block-file--media-7bad28f7-3f76-4bdc-9238-920bd60b77ff\" href=\"https:\/\/www.kgs-janusz-korczak.de\/wp-content\/uploads\/1-einverstaendnis-abbildungen-homepage.pdf\">1-einverstaendnis-abbildungen-homepage<\/a><a href=\"https:\/\/www.kgs-janusz-korczak.de\/wp-content\/uploads\/1-einverstaendnis-abbildungen-homepage.pdf\" class=\"wp-block-file__button wp-element-button\" download aria-describedby=\"wp-block-file--media-7bad28f7-3f76-4bdc-9238-920bd60b77ff\">Herunterladen<\/a><\/div>\n\n\n\n<div data-wp-interactive=\"core\/file\" class=\"wp-block-file\"><object data-wp-bind--hidden=\"!state.hasPdfPreview\" hidden class=\"wp-block-file__embed\" data=\"https:\/\/www.kgs-janusz-korczak.de\/wp-content\/uploads\/2-schweigepflichtsentbindung_Anmeldung-neu-Kopie.pdf\" type=\"application\/pdf\" style=\"width:100%;height:600px\" aria-label=\"Einbettung von 2-schweigepflichtsentbindung_Anmeldung-neu-Kopie.\"><\/object><a id=\"wp-block-file--media-a3649573-b317-4b91-8a5a-05cd775eba67\" href=\"https:\/\/www.kgs-janusz-korczak.de\/wp-content\/uploads\/2-schweigepflichtsentbindung_Anmeldung-neu-Kopie.pdf\">2-schweigepflichtsentbindung_Anmeldung-neu-Kopie<\/a><a href=\"https:\/\/www.kgs-janusz-korczak.de\/wp-content\/uploads\/2-schweigepflichtsentbindung_Anmeldung-neu-Kopie.pdf\" class=\"wp-block-file__button wp-element-button\" download aria-describedby=\"wp-block-file--media-a3649573-b317-4b91-8a5a-05cd775eba67\">Herunterladen<\/a><\/div>\n\n\n\n<div data-wp-interactive=\"core\/file\" class=\"wp-block-file\"><object data-wp-bind--hidden=\"!state.hasPdfPreview\" hidden class=\"wp-block-file__embed\" data=\"https:\/\/www.kgs-janusz-korczak.de\/wp-content\/uploads\/3-Bekenntnis.pdf\" type=\"application\/pdf\" style=\"width:100%;height:600px\" aria-label=\"Einbettung von 3-Bekenntnis.\"><\/object><a id=\"wp-block-file--media-5e08a138-4615-4940-be44-649ea1a7fc0f\" href=\"https:\/\/www.kgs-janusz-korczak.de\/wp-content\/uploads\/3-Bekenntnis.pdf\">3-Bekenntnis<\/a><a href=\"https:\/\/www.kgs-janusz-korczak.de\/wp-content\/uploads\/3-Bekenntnis.pdf\" class=\"wp-block-file__button wp-element-button\" download aria-describedby=\"wp-block-file--media-5e08a138-4615-4940-be44-649ea1a7fc0f\">Herunterladen<\/a><\/div>\n\n\n\n<div data-wp-interactive=\"core\/file\" class=\"wp-block-file\"><object data-wp-bind--hidden=\"!state.hasPdfPreview\" hidden class=\"wp-block-file__embed\" data=\"https:\/\/www.kgs-janusz-korczak.de\/wp-content\/uploads\/4-Datenblatt.pdf\" type=\"application\/pdf\" style=\"width:100%;height:600px\" aria-label=\"Einbettung von 4-Datenblatt.\"><\/object><a id=\"wp-block-file--media-4f5c5c21-a168-48e0-b88e-8119a7623e63\" href=\"https:\/\/www.kgs-janusz-korczak.de\/wp-content\/uploads\/4-Datenblatt.pdf\">4-Datenblatt<\/a><a href=\"https:\/\/www.kgs-janusz-korczak.de\/wp-content\/uploads\/4-Datenblatt.pdf\" class=\"wp-block-file__button wp-element-button\" download aria-describedby=\"wp-block-file--media-4f5c5c21-a168-48e0-b88e-8119a7623e63\">Herunterladen<\/a><\/div>\n\n\n\n<div data-wp-interactive=\"core\/file\" class=\"wp-block-file\"><object data-wp-bind--hidden=\"!state.hasPdfPreview\" hidden class=\"wp-block-file__embed\" data=\"https:\/\/www.kgs-janusz-korczak.de\/wp-content\/uploads\/5-Benachrichtigung-sorgeberechtigter-Personen.pdf\" type=\"application\/pdf\" style=\"width:100%;height:600px\" aria-label=\"Einbettung von 5-Benachrichtigung-sorgeberechtigter-Personen.\"><\/object><a id=\"wp-block-file--media-193ad17b-568a-4df9-ae03-b7ead5c61a99\" href=\"https:\/\/www.kgs-janusz-korczak.de\/wp-content\/uploads\/5-Benachrichtigung-sorgeberechtigter-Personen.pdf\">5-Benachrichtigung-sorgeberechtigter-Personen<\/a><a href=\"https:\/\/www.kgs-janusz-korczak.de\/wp-content\/uploads\/5-Benachrichtigung-sorgeberechtigter-Personen.pdf\" class=\"wp-block-file__button wp-element-button\" download aria-describedby=\"wp-block-file--media-193ad17b-568a-4df9-ae03-b7ead5c61a99\">Herunterladen<\/a><\/div>\n\n\n<div class=\"wp-block-image\">\n<figure class=\"aligncenter size-full\"><img loading=\"lazy\" decoding=\"async\" width=\"700\" height=\"149\" src=\"https:\/\/www.kgs-janusz-korczak.de\/wp-content\/uploads\/image-2.png\" alt=\"\" class=\"wp-image-6292\" srcset=\"https:\/\/www.kgs-janusz-korczak.de\/wp-content\/uploads\/image-2.png 700w, https:\/\/www.kgs-janusz-korczak.de\/wp-content\/uploads\/image-2-300x64.png 300w\" sizes=\"auto, (max-width: 700px) 100vw, 700px\" \/><\/figure>\n<\/div>\n\n\n<div data-wp-interactive=\"core\/file\" class=\"wp-block-file aligncenter\"><object data-wp-bind--hidden=\"!state.hasPdfPreview\" hidden class=\"wp-block-file__embed\" data=\"https:\/\/www.kgs-janusz-korczak.de\/wp-content\/uploads\/Eltern-ABC-2025.pdf\" type=\"application\/pdf\" style=\"width:100%;height:600px\" aria-label=\"Einbettung von Eltern-ABC-2025.\"><\/object><a id=\"wp-block-file--media-710b1adc-2cd9-47ed-b885-6a84cf3288c3\" href=\"https:\/\/www.kgs-janusz-korczak.de\/wp-content\/uploads\/Eltern-ABC-2025.pdf\">Eltern-ABC-2025<\/a><a href=\"https:\/\/www.kgs-janusz-korczak.de\/wp-content\/uploads\/Eltern-ABC-2025.pdf\" class=\"wp-block-file__button wp-element-button\" download aria-describedby=\"wp-block-file--media-710b1adc-2cd9-47ed-b885-6a84cf3288c3\">Herunterladen<\/a><\/div>\n\n\n<div class=\"wp-block-image\">\n<figure class=\"aligncenter size-full\"><img loading=\"lazy\" decoding=\"async\" width=\"700\" height=\"149\" src=\"https:\/\/www.kgs-janusz-korczak.de\/wp-content\/uploads\/image-2.png\" alt=\"\" class=\"wp-image-6292\" srcset=\"https:\/\/www.kgs-janusz-korczak.de\/wp-content\/uploads\/image-2.png 700w, https:\/\/www.kgs-janusz-korczak.de\/wp-content\/uploads\/image-2-300x64.png 300w\" sizes=\"auto, (max-width: 700px) 100vw, 700px\" \/><\/figure>\n<\/div>\n\n\n<div data-wp-interactive=\"core\/file\" class=\"wp-block-file aligncenter\"><object data-wp-bind--hidden=\"!state.hasPdfPreview\" hidden class=\"wp-block-file__embed\" data=\"https:\/\/www.kgs-janusz-korczak.de\/wp-content\/uploads\/Schliesstagekalender_OGS_2025-2026.pdf\" type=\"application\/pdf\" style=\"width:100%;height:600px\" aria-label=\"Einbettung von Schliesstagekalender_OGS_2025-2026.\"><\/object><a id=\"wp-block-file--media-d7c9a36b-d50e-41c7-9230-54add83eeecb\" href=\"https:\/\/www.kgs-janusz-korczak.de\/wp-content\/uploads\/Schliesstagekalender_OGS_2025-2026.pdf\">Schliesstagekalender_OGS_2025-2026<\/a><a href=\"https:\/\/www.kgs-janusz-korczak.de\/wp-content\/uploads\/Schliesstagekalender_OGS_2025-2026.pdf\" class=\"wp-block-file__button wp-element-button\" download aria-describedby=\"wp-block-file--media-d7c9a36b-d50e-41c7-9230-54add83eeecb\">Herunterladen<\/a><\/div>\n\n\n\n<div data-wp-interactive=\"core\/file\" class=\"wp-block-file\"><object data-wp-bind--hidden=\"!state.hasPdfPreview\" hidden class=\"wp-block-file__embed\" data=\"https:\/\/www.kgs-janusz-korczak.de\/wp-content\/uploads\/Voranmeldung_OGS_2026-2027.pdf\" type=\"application\/pdf\" style=\"width:100%;height:600px\" aria-label=\"Einbettung von Voranmeldung_OGS_2026-2027.\"><\/object><a id=\"wp-block-file--media-1d80101a-5c65-42db-87a3-405376f995af\" href=\"https:\/\/www.kgs-janusz-korczak.de\/wp-content\/uploads\/Voranmeldung_OGS_2026-2027.pdf\">Voranmeldung_OGS_2026-2027<\/a><a href=\"https:\/\/www.kgs-janusz-korczak.de\/wp-content\/uploads\/Voranmeldung_OGS_2026-2027.pdf\" class=\"wp-block-file__button wp-element-button\" download aria-describedby=\"wp-block-file--media-1d80101a-5c65-42db-87a3-405376f995af\">Herunterladen<\/a><\/div>\n\n\n\n<div data-wp-interactive=\"core\/file\" class=\"wp-block-file\"><object data-wp-bind--hidden=\"!state.hasPdfPreview\" hidden class=\"wp-block-file__embed\" data=\"https:\/\/www.kgs-janusz-korczak.de\/wp-content\/uploads\/Visitenkarte_Leitung_OGS.pdf\" type=\"application\/pdf\" style=\"width:100%;height:600px\" aria-label=\"Einbettung von Visitenkarte_Leitung_OGS.\"><\/object><a id=\"wp-block-file--media-7677d470-57ee-4638-9820-6db18a717537\" href=\"https:\/\/www.kgs-janusz-korczak.de\/wp-content\/uploads\/Visitenkarte_Leitung_OGS.pdf\">Visitenkarte_Leitung_OGS<\/a><a href=\"https:\/\/www.kgs-janusz-korczak.de\/wp-content\/uploads\/Visitenkarte_Leitung_OGS.pdf\" class=\"wp-block-file__button wp-element-button\" download aria-describedby=\"wp-block-file--media-7677d470-57ee-4638-9820-6db18a717537\">Herunterladen<\/a><\/div>\n\n\n\n<div data-wp-interactive=\"core\/file\" class=\"wp-block-file\"><object data-wp-bind--hidden=\"!state.hasPdfPreview\" hidden class=\"wp-block-file__embed\" data=\"https:\/\/www.kgs-janusz-korczak.de\/wp-content\/uploads\/leporello_janusz-korczak_2024.pdf\" type=\"application\/pdf\" style=\"width:100%;height:600px\" aria-label=\"Einbettung von leporello_janusz-korczak_2024.\"><\/object><a id=\"wp-block-file--media-e426ea8d-c35f-408b-9ff1-dfbc79cb64d9\" href=\"https:\/\/www.kgs-janusz-korczak.de\/wp-content\/uploads\/leporello_janusz-korczak_2024.pdf\">leporello_janusz-korczak_2024<\/a><a href=\"https:\/\/www.kgs-janusz-korczak.de\/wp-content\/uploads\/leporello_janusz-korczak_2024.pdf\" class=\"wp-block-file__button wp-element-button\" download aria-describedby=\"wp-block-file--media-e426ea8d-c35f-408b-9ff1-dfbc79cb64d9\">Herunterladen<\/a><\/div>\n\n\n\n<p><\/p>\n\n\n\n<p><\/p>\n\n\n\n<hr class=\"wp-block-separator has-css-opacity\"\/>\n\n\n\n<p><\/p>\n\n\n\n<p class=\"has-medium-font-size\"><strong>Kontaktieren Sie uns gerne bei allen weiteren Fragen:<br>schulleitung@112148.nrw.schule<\/strong><\/p>\n\n\n\n<p class=\"has-large-font-size\"><\/p>\n","protected":false},"excerpt":{"rendered":"<p>Informationen rund um die neuen Erstkl\u00e4ssler*innen Liebe Eltern, an dieser Stelle werden wir Sie auf dem Laufenden halten und Sie mit allen relevanten Informationen zur Einschulung Ihres Kindes versorgen.Schauen Sie [&hellip;]<\/p>\n","protected":false},"author":1,"featured_media":0,"parent":0,"menu_order":3,"comment_status":"closed","ping_status":"closed","template":"","meta":{"footnotes":"","_links_to":"","_links_to_target":""},"class_list":["post-5198","page","type-page","status-publish","hentry"],"post_mailing_queue_ids":[],"_links":{"self":[{"href":"https:\/\/www.kgs-janusz-korczak.de\/index.php?rest_route=\/wp\/v2\/pages\/5198","targetHints":{"allow":["GET"]}}],"collection":[{"href":"https:\/\/www.kgs-janusz-korczak.de\/index.php?rest_route=\/wp\/v2\/pages"}],"about":[{"href":"https:\/\/www.kgs-janusz-korczak.de\/index.php?rest_route=\/wp\/v2\/types\/page"}],"author":[{"embeddable":true,"href":"https:\/\/www.kgs-janusz-korczak.de\/index.php?rest_route=\/wp\/v2\/users\/1"}],"replies":[{"embeddable":true,"href":"https:\/\/www.kgs-janusz-korczak.de\/index.php?rest_route=%2Fwp%2Fv2%2Fcomments&post=5198"}],"version-history":[{"count":90,"href":"https:\/\/www.kgs-janusz-korczak.de\/index.php?rest_route=\/wp\/v2\/pages\/5198\/revisions"}],"predecessor-version":[{"id":7198,"href":"https:\/\/www.kgs-janusz-korczak.de\/index.php?rest_route=\/wp\/v2\/pages\/5198\/revisions\/7198"}],"wp:attachment":[{"href":"https:\/\/www.kgs-janusz-korczak.de\/index.php?rest_route=%2Fwp%2Fv2%2Fmedia&parent=5198"}],"curies":[{"name":"wp","href":"https:\/\/api.w.org\/{rel}","templated":true}]}}