{"id":532,"date":"2012-05-23T11:40:38","date_gmt":"2012-05-23T11:40:38","guid":{"rendered":"http:\/\/www.rheinzeichner.de\/?page_id=532"},"modified":"2018-11-20T07:53:51","modified_gmt":"2018-11-20T07:53:51","slug":"trager","status":"publish","type":"page","link":"https:\/\/www.kgs-janusz-korczak.de\/?page_id=532","title":{"rendered":"Tr\u00e4ger"},"content":{"rendered":"<h1 style=\"text-align: left;\" align=\"center\"><strong>Unser Tr\u00e4ger<\/strong><\/h1>\n<p style=\"text-align: left;\" align=\"center\"><strong>Netzwerk e. V. \u2013 Soziale Dienste und \u00d6kologische Bildungsarbeit<\/strong>\u00a0(Netzwerk e.V.) hat als freier Tr\u00e4ger der Jugendhilfe f\u00fcr\u00a0\u00fcber 20\u00a0K\u00f6lner Grundschulen ein umfassendes, allgemein bildendes Betreuungs- und Versorgungskonzept f\u00fcr Sch\u00fclerinnen und Sch\u00fcler in Offenen Ganztagsschulen entwickelt. Grundlage der Offenen Ganztagsschulen ist die Kooperation zwischen Schule, Kinder- und Jugendhilfe und weiteren au\u00dferschulischen Partnern. Die Kooperation besteht auf der einen Seite mit Schulen, wobei das Konzept, die Lehrinhalte und die F\u00f6rderschwerpunkte mit dem jeweiligen bereits vorhandenen Schulprofil abgestimmt werden.<\/p>\n<p>Auf der anderen Seite werden weitere Kooperationspartner f\u00fcr die au\u00dferunterrichtlichen Angebote am Nachmittag herangezogen.<\/p>\n<p>Ziel ist es, dem Kind die besten Voraussetzungen f\u00fcr die Entwicklung einer starken Pers\u00f6nlichkeit zu bieten. Daf\u00fcr ist es notwendig, die Wahrnehmungsf\u00e4higkeit, die emotionale Entwicklung und die Motorik des Kindes in gleicher Weise zu f\u00f6rdern. Um in diesem Sinne den kindlichen Wachstumsprozess familienerg\u00e4nzend zu unterst\u00fctzen, ist ein enger Austausch zwischen\u00a0allen\u00a0P\u00e4dagog_innen\u00a0n\u00f6tig.<\/p>\n<div><\/div>\n","protected":false},"excerpt":{"rendered":"<p>Unser Tr\u00e4ger Netzwerk e. V. \u2013 Soziale Dienste und \u00d6kologische Bildungsarbeit\u00a0(Netzwerk e.V.) hat als freier Tr\u00e4ger der Jugendhilfe f\u00fcr\u00a0\u00fcber 20\u00a0K\u00f6lner Grundschulen ein umfassendes, allgemein bildendes Betreuungs- und Versorgungskonzept f\u00fcr Sch\u00fclerinnen [&hellip;]<\/p>\n","protected":false},"author":1,"featured_media":0,"parent":529,"menu_order":1,"comment_status":"closed","ping_status":"closed","template":"","meta":{"footnotes":"","_links_to":"","_links_to_target":""},"class_list":["post-532","page","type-page","status-publish","hentry"],"post_mailing_queue_ids":[],"_links":{"self":[{"href":"https:\/\/www.kgs-janusz-korczak.de\/index.php?rest_route=\/wp\/v2\/pages\/532","targetHints":{"allow":["GET"]}}],"collection":[{"href":"https:\/\/www.kgs-janusz-korczak.de\/index.php?rest_route=\/wp\/v2\/pages"}],"about":[{"href":"https:\/\/www.kgs-janusz-korczak.de\/index.php?rest_route=\/wp\/v2\/types\/page"}],"author":[{"embeddable":true,"href":"https:\/\/www.kgs-janusz-korczak.de\/index.php?rest_route=\/wp\/v2\/users\/1"}],"replies":[{"embeddable":true,"href":"https:\/\/www.kgs-janusz-korczak.de\/index.php?rest_route=%2Fwp%2Fv2%2Fcomments&post=532"}],"version-history":[{"count":2,"href":"https:\/\/www.kgs-janusz-korczak.de\/index.php?rest_route=\/wp\/v2\/pages\/532\/revisions"}],"predecessor-version":[{"id":4054,"href":"https:\/\/www.kgs-janusz-korczak.de\/index.php?rest_route=\/wp\/v2\/pages\/532\/revisions\/4054"}],"up":[{"embeddable":true,"href":"https:\/\/www.kgs-janusz-korczak.de\/index.php?rest_route=\/wp\/v2\/pages\/529"}],"wp:attachment":[{"href":"https:\/\/www.kgs-janusz-korczak.de\/index.php?rest_route=%2Fwp%2Fv2%2Fmedia&parent=532"}],"curies":[{"name":"wp","href":"https:\/\/api.w.org\/{rel}","templated":true}]}}