{"id":535,"date":"2012-05-23T11:40:54","date_gmt":"2012-05-23T11:40:54","guid":{"rendered":"http:\/\/www.rheinzeichner.de\/?page_id=535"},"modified":"2023-03-01T16:26:32","modified_gmt":"2023-03-01T16:26:32","slug":"ernahrung","status":"publish","type":"page","link":"https:\/\/www.kgs-janusz-korczak.de\/?page_id=535","title":{"rendered":"Ern\u00e4hrung"},"content":{"rendered":"\n<div class=\"wp-block-image\"><figure class=\"aligncenter size-large\"><img loading=\"lazy\" decoding=\"async\" width=\"700\" height=\"490\" src=\"https:\/\/www.kgs-janusz-korczak.de\/wp-content\/uploads\/Bildschirmfoto-2023-03-01-um-17.22.02-700x490.png\" alt=\"\" class=\"wp-image-6237\" srcset=\"https:\/\/www.kgs-janusz-korczak.de\/wp-content\/uploads\/Bildschirmfoto-2023-03-01-um-17.22.02-700x490.png 700w, https:\/\/www.kgs-janusz-korczak.de\/wp-content\/uploads\/Bildschirmfoto-2023-03-01-um-17.22.02-300x210.png 300w, https:\/\/www.kgs-janusz-korczak.de\/wp-content\/uploads\/Bildschirmfoto-2023-03-01-um-17.22.02-768x538.png 768w, https:\/\/www.kgs-janusz-korczak.de\/wp-content\/uploads\/Bildschirmfoto-2023-03-01-um-17.22.02-1536x1076.png 1536w, https:\/\/www.kgs-janusz-korczak.de\/wp-content\/uploads\/Bildschirmfoto-2023-03-01-um-17.22.02-2048x1435.png 2048w\" sizes=\"auto, (max-width: 700px) 100vw, 700px\" \/><\/figure><\/div>\n\n\n\n<div class=\"wp-block-image\"><figure class=\"aligncenter size-large\"><img loading=\"lazy\" decoding=\"async\" width=\"700\" height=\"501\" src=\"https:\/\/www.kgs-janusz-korczak.de\/wp-content\/uploads\/Bildschirmfoto-2023-03-01-um-17.22.55-700x501.png\" alt=\"\" class=\"wp-image-6238\" srcset=\"https:\/\/www.kgs-janusz-korczak.de\/wp-content\/uploads\/Bildschirmfoto-2023-03-01-um-17.22.55-700x501.png 700w, https:\/\/www.kgs-janusz-korczak.de\/wp-content\/uploads\/Bildschirmfoto-2023-03-01-um-17.22.55-300x215.png 300w, https:\/\/www.kgs-janusz-korczak.de\/wp-content\/uploads\/Bildschirmfoto-2023-03-01-um-17.22.55-768x550.png 768w, https:\/\/www.kgs-janusz-korczak.de\/wp-content\/uploads\/Bildschirmfoto-2023-03-01-um-17.22.55-1536x1100.png 1536w, https:\/\/www.kgs-janusz-korczak.de\/wp-content\/uploads\/Bildschirmfoto-2023-03-01-um-17.22.55-2048x1466.png 2048w\" sizes=\"auto, (max-width: 700px) 100vw, 700px\" \/><\/figure><\/div>\n\n\n\n<div class=\"wp-block-image\"><figure class=\"aligncenter size-large\"><img loading=\"lazy\" decoding=\"async\" width=\"700\" height=\"497\" src=\"https:\/\/www.kgs-janusz-korczak.de\/wp-content\/uploads\/Bildschirmfoto-2023-03-01-um-17.23.30-700x497.png\" alt=\"\" class=\"wp-image-6239\" srcset=\"https:\/\/www.kgs-janusz-korczak.de\/wp-content\/uploads\/Bildschirmfoto-2023-03-01-um-17.23.30-700x497.png 700w, https:\/\/www.kgs-janusz-korczak.de\/wp-content\/uploads\/Bildschirmfoto-2023-03-01-um-17.23.30-300x213.png 300w, https:\/\/www.kgs-janusz-korczak.de\/wp-content\/uploads\/Bildschirmfoto-2023-03-01-um-17.23.30-768x545.png 768w, https:\/\/www.kgs-janusz-korczak.de\/wp-content\/uploads\/Bildschirmfoto-2023-03-01-um-17.23.30-1536x1091.png 1536w, https:\/\/www.kgs-janusz-korczak.de\/wp-content\/uploads\/Bildschirmfoto-2023-03-01-um-17.23.30-2048x1454.png 2048w\" sizes=\"auto, (max-width: 700px) 100vw, 700px\" \/><\/figure><\/div>\n\n\n\n<div class=\"wp-block-image\"><figure class=\"aligncenter size-large\"><img loading=\"lazy\" decoding=\"async\" width=\"700\" height=\"484\" src=\"https:\/\/www.kgs-janusz-korczak.de\/wp-content\/uploads\/Bildschirmfoto-2023-03-01-um-17.24.53-700x484.png\" alt=\"\" class=\"wp-image-6240\" srcset=\"https:\/\/www.kgs-janusz-korczak.de\/wp-content\/uploads\/Bildschirmfoto-2023-03-01-um-17.24.53-700x484.png 700w, https:\/\/www.kgs-janusz-korczak.de\/wp-content\/uploads\/Bildschirmfoto-2023-03-01-um-17.24.53-300x207.png 300w, https:\/\/www.kgs-janusz-korczak.de\/wp-content\/uploads\/Bildschirmfoto-2023-03-01-um-17.24.53-768x531.png 768w, https:\/\/www.kgs-janusz-korczak.de\/wp-content\/uploads\/Bildschirmfoto-2023-03-01-um-17.24.53-1536x1061.png 1536w, https:\/\/www.kgs-janusz-korczak.de\/wp-content\/uploads\/Bildschirmfoto-2023-03-01-um-17.24.53-2048x1415.png 2048w\" sizes=\"auto, (max-width: 700px) 100vw, 700px\" \/><\/figure><\/div>\n\n\n<h1 style=\"text-align: left;\" align=\"center\">Das Ern\u00e4hrungskonzept der OGS<\/h1>\n<p>Jedes Kind nimmt in der Zeit zwischen 12.00 Uhr bis 13.45 Uhr eine warme Mahlzeit ein.<\/p>\n<p>Hier achten wir besonders auf eine mit den Kindern gemeinsam erarbeitete und festgelegte Esskultur. Ziel ist es, den Kindern ein Essen in m\u00f6glichst ruhiger Atmosph\u00e4re zu erm\u00f6glichen, damit sie \u2013 bevor es in die Hausaufgabenbegleitung geht \u2013 abschalten und etwas entspannen k\u00f6nnen.<\/p>\n<p>Jede Mahlzeit wird t\u00e4glich frisch zubereitet und selbst gekocht, ohne auf Tiefk\u00fchlkost oder Fertiggerichte zur\u00fcckgreifen zu m\u00fcssen.\u00a0Damit kann gezielt auf die W\u00fcnsche der Kinder eingegangen werden. In regelm\u00e4\u00dfigen Abst\u00e4nden werden zum Beispiel ihre Lieblingsgerichte nachgekocht. Die Schule legt dabei besonderen Wert auf eine gesunde, ausgewogene Ern\u00e4hrung. Zudem verarbeitet unsere K\u00f6chin schwerpunktm\u00e4\u00dfig saisonale Produkte aus der Region mit m\u00f6glichst hohem Anteil an Lebensmitteln aus \u00f6kologisch-kontrolliertem Anbau. Grunds\u00e4tzlich wird das Thema \u201eGesundheit und Ern\u00e4hrung\u201c im Offenen Ganztag verankert.<\/p>\n<p>Der Janusz-Korczak-Schule steht eine gut eingerichtete K\u00fcche sowie ein erfahrenes K\u00fcchenteam zur Verf\u00fcgung, so dass wir hier unsere Ma\u00dfst\u00e4be einhalten k\u00f6nnen.<\/p>\n<p>Auch die Lehrer essen regelm\u00e4\u00dfig im OGS, was den Kontakt zu Kindern und Mitarbeiter_innen des OGS nachhaltig positiv beeinflusst und den Eltern auch die Qualit\u00e4t des Essens vermittelt.<\/p>\n<p>Nach den Hausaufgaben und w\u00e4hrend der Spielzeit stehen f\u00fcr die Kinder Obstteller und\/oder Rohkost sowie Getr\u00e4nke bereit.<\/p>\n\n\n<p><\/p>\n","protected":false},"excerpt":{"rendered":"<p>Das Ern\u00e4hrungskonzept der OGS Jedes Kind nimmt in der Zeit zwischen 12.00 Uhr bis 13.45 Uhr eine warme Mahlzeit ein. Hier achten wir besonders auf eine mit den Kindern gemeinsam [&hellip;]<\/p>\n","protected":false},"author":1,"featured_media":0,"parent":529,"menu_order":2,"comment_status":"closed","ping_status":"closed","template":"","meta":{"footnotes":"","_links_to":"","_links_to_target":""},"class_list":["post-535","page","type-page","status-publish","hentry"],"post_mailing_queue_ids":[],"_links":{"self":[{"href":"https:\/\/www.kgs-janusz-korczak.de\/index.php?rest_route=\/wp\/v2\/pages\/535","targetHints":{"allow":["GET"]}}],"collection":[{"href":"https:\/\/www.kgs-janusz-korczak.de\/index.php?rest_route=\/wp\/v2\/pages"}],"about":[{"href":"https:\/\/www.kgs-janusz-korczak.de\/index.php?rest_route=\/wp\/v2\/types\/page"}],"author":[{"embeddable":true,"href":"https:\/\/www.kgs-janusz-korczak.de\/index.php?rest_route=\/wp\/v2\/users\/1"}],"replies":[{"embeddable":true,"href":"https:\/\/www.kgs-janusz-korczak.de\/index.php?rest_route=%2Fwp%2Fv2%2Fcomments&post=535"}],"version-history":[{"count":12,"href":"https:\/\/www.kgs-janusz-korczak.de\/index.php?rest_route=\/wp\/v2\/pages\/535\/revisions"}],"predecessor-version":[{"id":6241,"href":"https:\/\/www.kgs-janusz-korczak.de\/index.php?rest_route=\/wp\/v2\/pages\/535\/revisions\/6241"}],"up":[{"embeddable":true,"href":"https:\/\/www.kgs-janusz-korczak.de\/index.php?rest_route=\/wp\/v2\/pages\/529"}],"wp:attachment":[{"href":"https:\/\/www.kgs-janusz-korczak.de\/index.php?rest_route=%2Fwp%2Fv2%2Fmedia&parent=535"}],"curies":[{"name":"wp","href":"https:\/\/api.w.org\/{rel}","templated":true}]}}