{"id":553,"date":"2012-05-23T11:44:24","date_gmt":"2012-05-23T11:44:24","guid":{"rendered":"http:\/\/www.rheinzeichner.de\/?page_id=553"},"modified":"2019-05-09T12:53:39","modified_gmt":"2019-05-09T12:53:39","slug":"termine","status":"publish","type":"page","link":"https:\/\/www.kgs-janusz-korczak.de\/?page_id=553","title":{"rendered":"Tagesablauf"},"content":{"rendered":"<h1>Tagesablauf<\/h1>\n<h3>Stand: 01.02.2019<\/p>\n<p>Unser Tagesablauf in der OGS<\/h3>\n<ul>\n<li>11.35 \u2013 11.50 Uhr: Pause auf dem Schulhof<\/li>\n<li>ab 15.30 Uhr: Aufr\u00e4umen<\/li>\n<li>16.00\/17.00 Uhr: OGS schlie\u00dft<\/li>\n<\/ul>\n<h3>Essen<\/h3>\n<ul>\n<li>11.50 \u2013 12.45 Uhr: Essen 1. Gruppe<\/li>\n<li>12.45 \u2013 13.30 Uhr: Essen 2. Gruppe<\/li>\n<li>13.30 \u2013 14.00 Uhr: Essen 3. Gruppe<\/li>\n<\/ul>\n<h3>FLiP-\/ Lernzeit- Klassenstunden<\/h3>\n<p>13.30 &#8211; 14.15 Uhr<br \/>\n14.15 \u2013 15.00 Uhr<\/p>\n<h3>Angebote<\/h3>\n<ul>\n<li>11.35\u2013 12.00 Uhr und 15.00 \u2013 15.45 Uhr: AGs<\/li>\n<li>12.15 \u2013 14.00 Uhr und 15.00 \u2013 15.45 Uhr: Freispiel, Kreativ-Angebote etc, wenn keine AG wahrgenommen wird<\/li>\n<\/ul>\n<h3>Telefonnummern<\/h3>\n<ul>\n<li>OGS: (0221) 938 30 04 16<\/li>\n<li>E-Mail: ogs-janusz-korczak@netzwerk.koeln<\/li>\n<\/ul>\n<p>Der \u201efreie\u201c Freitag ist insofern frei, als dass keine FLiP- Stunden gemacht werden.<\/p>\n<p>So bleibt Zeit f\u00fcr Aktivit\u00e4ten, die sonst gerade f\u00fcr die Dritt- und Viertkl\u00e4ssler im knapp strukturierten Tagesablauf zu kurz kommen. Das OGS-Team nutzt diesen Tag, um einmal w\u00f6chentlich alle Kinder und Betreuer der Gruppe in einen Kreis zu holen, Regeln zu besprechen, Konflikte zu kl\u00e4ren oder gemeinsam im Raum oder auf dem Schulhof zu spielen.<\/p>\n<p>Auch f\u00fcr kleine Ausfl\u00fcge in die Umgebung ist Zeit. Zudem werden jahreszeitlich bezogen von mehreren Teammitgliedern gruppen\u00fcbergreifend offene Angebote gestaltet. Auch die Eltern haben am Freitag die M\u00f6glichkeit ein Projekt anzubieten.<\/p>\n<p>Vielfach kommen hier auch Ideen durch die Kinder, die diese mittlerweile im Laufe der Woche planen, ausschreiben und dann freitags verwirklichen. Die Angebote sind sehr vielf\u00e4ltig und reichen von Kochen &amp; Backen, \u00fcber Schulhofspielen, Schulrallye, Malprojekten zu Bewegungsangeboten in der Turnhalle.<\/p>\n","protected":false},"excerpt":{"rendered":"<p>Tagesablauf Stand: 01.02.2019 Unser Tagesablauf in der OGS 11.35 \u2013 11.50 Uhr: Pause auf dem Schulhof ab 15.30 Uhr: Aufr\u00e4umen 16.00\/17.00 Uhr: OGS schlie\u00dft Essen 11.50 \u2013 12.45 Uhr: Essen [&hellip;]<\/p>\n","protected":false},"author":1,"featured_media":0,"parent":529,"menu_order":1,"comment_status":"closed","ping_status":"closed","template":"","meta":{"footnotes":"","_links_to":"","_links_to_target":""},"class_list":["post-553","page","type-page","status-publish","hentry"],"post_mailing_queue_ids":[],"_links":{"self":[{"href":"https:\/\/www.kgs-janusz-korczak.de\/index.php?rest_route=\/wp\/v2\/pages\/553","targetHints":{"allow":["GET"]}}],"collection":[{"href":"https:\/\/www.kgs-janusz-korczak.de\/index.php?rest_route=\/wp\/v2\/pages"}],"about":[{"href":"https:\/\/www.kgs-janusz-korczak.de\/index.php?rest_route=\/wp\/v2\/types\/page"}],"author":[{"embeddable":true,"href":"https:\/\/www.kgs-janusz-korczak.de\/index.php?rest_route=\/wp\/v2\/users\/1"}],"replies":[{"embeddable":true,"href":"https:\/\/www.kgs-janusz-korczak.de\/index.php?rest_route=%2Fwp%2Fv2%2Fcomments&post=553"}],"version-history":[{"count":5,"href":"https:\/\/www.kgs-janusz-korczak.de\/index.php?rest_route=\/wp\/v2\/pages\/553\/revisions"}],"predecessor-version":[{"id":4294,"href":"https:\/\/www.kgs-janusz-korczak.de\/index.php?rest_route=\/wp\/v2\/pages\/553\/revisions\/4294"}],"up":[{"embeddable":true,"href":"https:\/\/www.kgs-janusz-korczak.de\/index.php?rest_route=\/wp\/v2\/pages\/529"}],"wp:attachment":[{"href":"https:\/\/www.kgs-janusz-korczak.de\/index.php?rest_route=%2Fwp%2Fv2%2Fmedia&parent=553"}],"curies":[{"name":"wp","href":"https:\/\/api.w.org\/{rel}","templated":true}]}}