{"id":556,"date":"2012-05-23T11:44:51","date_gmt":"2012-05-23T11:44:51","guid":{"rendered":"http:\/\/www.rheinzeichner.de\/?page_id=556"},"modified":"2023-03-22T09:52:05","modified_gmt":"2023-03-22T09:52:05","slug":"ferien","status":"publish","type":"page","link":"https:\/\/www.kgs-janusz-korczak.de\/?page_id=556","title":{"rendered":"Ferien"},"content":{"rendered":"<h1>Ferien<\/h1>\n<p>Die Ferienwochen stehen bei uns unter bestimmten Mottos, die das Ferienprogramm mit seinen interessanten Tagesausfl\u00fcgen und Aktivit\u00e4ten pr\u00e4gen. Das aktuelle Programm finden Sie als Aushang zu den genannten Zeiten.<\/p>\n<p>An der Janusz-Korczak-Schule wird w\u00e4hrend folgender Ferienzeiten von 8.00 Uhr bis 16.00 Uhr betreut:<\/p>\n<ul>\n<li>beide Wochen der Herbstferien<\/li>\n<li>erste Woche der Osterferien<\/li>\n<li>ersten drei Wochen der Sommerferien<\/li>\n<\/ul>\n<p>Die OGS ist grunds\u00e4tzlich geschlossen w\u00e4hrend der Weihnachtsferien, Die zweite Woche der Osterferien sowie in den letzten drei Wochen der Sommerferien.<\/p>\n","protected":false},"excerpt":{"rendered":"<p>Ferien Die Ferienwochen stehen bei uns unter bestimmten Mottos, die das Ferienprogramm mit seinen interessanten Tagesausfl\u00fcgen und Aktivit\u00e4ten pr\u00e4gen. Das aktuelle Programm finden Sie als Aushang zu den genannten Zeiten. [&hellip;]<\/p>\n","protected":false},"author":1,"featured_media":0,"parent":529,"menu_order":2,"comment_status":"closed","ping_status":"closed","template":"","meta":{"footnotes":"","_links_to":"","_links_to_target":""},"class_list":["post-556","page","type-page","status-publish","hentry"],"post_mailing_queue_ids":[],"_links":{"self":[{"href":"https:\/\/www.kgs-janusz-korczak.de\/index.php?rest_route=\/wp\/v2\/pages\/556","targetHints":{"allow":["GET"]}}],"collection":[{"href":"https:\/\/www.kgs-janusz-korczak.de\/index.php?rest_route=\/wp\/v2\/pages"}],"about":[{"href":"https:\/\/www.kgs-janusz-korczak.de\/index.php?rest_route=\/wp\/v2\/types\/page"}],"author":[{"embeddable":true,"href":"https:\/\/www.kgs-janusz-korczak.de\/index.php?rest_route=\/wp\/v2\/users\/1"}],"replies":[{"embeddable":true,"href":"https:\/\/www.kgs-janusz-korczak.de\/index.php?rest_route=%2Fwp%2Fv2%2Fcomments&post=556"}],"version-history":[{"count":5,"href":"https:\/\/www.kgs-janusz-korczak.de\/index.php?rest_route=\/wp\/v2\/pages\/556\/revisions"}],"predecessor-version":[{"id":6275,"href":"https:\/\/www.kgs-janusz-korczak.de\/index.php?rest_route=\/wp\/v2\/pages\/556\/revisions\/6275"}],"up":[{"embeddable":true,"href":"https:\/\/www.kgs-janusz-korczak.de\/index.php?rest_route=\/wp\/v2\/pages\/529"}],"wp:attachment":[{"href":"https:\/\/www.kgs-janusz-korczak.de\/index.php?rest_route=%2Fwp%2Fv2%2Fmedia&parent=556"}],"curies":[{"name":"wp","href":"https:\/\/api.w.org\/{rel}","templated":true}]}}