{"id":563,"date":"2012-05-23T11:45:53","date_gmt":"2012-05-23T11:45:53","guid":{"rendered":"http:\/\/www.rheinzeichner.de\/?page_id=563"},"modified":"2018-11-20T08:06:00","modified_gmt":"2018-11-20T08:06:00","slug":"kognitive-forderung","status":"publish","type":"page","link":"https:\/\/www.kgs-janusz-korczak.de\/?page_id=563","title":{"rendered":"Kognitive F\u00f6rderung"},"content":{"rendered":"<h1>Kognitive F\u00f6rderung in der OGS<\/h1>\n<h3>Die Hausaufgaben<\/h3>\n<ul>\n<li>Die FLiP-\/ Lernzeiten finden in der Zeit von 13.30 Uhr bis\u00a015.00 Uhr statt.<\/li>\n<li>s. FLiP-Konzept<\/li>\n<\/ul>\n<p><strong><span style=\"font-family: Thread-00002e0c-Id-0000039e;\">\u00a0<\/span><\/strong><\/p>\n<p><strong>1. Die Money\u00a0for\u00a0Kids AG (Moki AG):<br \/>\n<\/strong>In der Moki AG nehmen ca. 10 Kinder, ab der 3. Klasse teil. In dieser AG haben die Kinder die M\u00f6glichkeit sich spielerisch mit dem Thema Geld zu besch\u00e4ftigen. Ziel der AG ist es, den Kindern einen verantwortungsbewussten Umgang mit Geld zu vermitteln, sowie ihnen n\u00e4her zu bringen wo kommt das Geld her und wo geht es hin. Methodisch werden hier Fragen und Antwortspiele, Rollenspiele usw. eingesetzt.<\/p>\n<p><strong>2. Lese AG:<br \/>\n<\/strong>In der Lese AG wird mit ca. 9 Kindern ab der 2. Klasse ein Buch ihrer Wahl gelesen. Hier werden die Kinder durch Lesen, Malen und Diskutieren spielerisch an das Medium \u201eBuch\u201c herangef\u00fchrt.<\/p>\n<p><strong>3. weitere Projekte<br \/>\n<\/strong>z.B. Sozialtraining, Kunst und Textil, Der Natur auf der Spur, etc.<\/p>\n","protected":false},"excerpt":{"rendered":"<p>Kognitive F\u00f6rderung in der OGS Die Hausaufgaben Die FLiP-\/ Lernzeiten finden in der Zeit von 13.30 Uhr bis\u00a015.00 Uhr statt. s. FLiP-Konzept \u00a0 1. Die Money\u00a0for\u00a0Kids AG (Moki AG): In [&hellip;]<\/p>\n","protected":false},"author":1,"featured_media":0,"parent":541,"menu_order":3,"comment_status":"closed","ping_status":"closed","template":"","meta":{"footnotes":"","_links_to":"","_links_to_target":""},"class_list":["post-563","page","type-page","status-publish","hentry"],"post_mailing_queue_ids":[],"_links":{"self":[{"href":"https:\/\/www.kgs-janusz-korczak.de\/index.php?rest_route=\/wp\/v2\/pages\/563","targetHints":{"allow":["GET"]}}],"collection":[{"href":"https:\/\/www.kgs-janusz-korczak.de\/index.php?rest_route=\/wp\/v2\/pages"}],"about":[{"href":"https:\/\/www.kgs-janusz-korczak.de\/index.php?rest_route=\/wp\/v2\/types\/page"}],"author":[{"embeddable":true,"href":"https:\/\/www.kgs-janusz-korczak.de\/index.php?rest_route=\/wp\/v2\/users\/1"}],"replies":[{"embeddable":true,"href":"https:\/\/www.kgs-janusz-korczak.de\/index.php?rest_route=%2Fwp%2Fv2%2Fcomments&post=563"}],"version-history":[{"count":3,"href":"https:\/\/www.kgs-janusz-korczak.de\/index.php?rest_route=\/wp\/v2\/pages\/563\/revisions"}],"predecessor-version":[{"id":4059,"href":"https:\/\/www.kgs-janusz-korczak.de\/index.php?rest_route=\/wp\/v2\/pages\/563\/revisions\/4059"}],"up":[{"embeddable":true,"href":"https:\/\/www.kgs-janusz-korczak.de\/index.php?rest_route=\/wp\/v2\/pages\/541"}],"wp:attachment":[{"href":"https:\/\/www.kgs-janusz-korczak.de\/index.php?rest_route=%2Fwp%2Fv2%2Fmedia&parent=563"}],"curies":[{"name":"wp","href":"https:\/\/api.w.org\/{rel}","templated":true}]}}