{"id":565,"date":"2012-05-23T11:46:47","date_gmt":"2012-05-23T11:46:47","guid":{"rendered":"http:\/\/www.rheinzeichner.de\/?page_id=565"},"modified":"2025-10-29T09:45:51","modified_gmt":"2025-10-29T09:45:51","slug":"kontakt-3","status":"publish","type":"page","link":"https:\/\/www.kgs-janusz-korczak.de\/?page_id=565","title":{"rendered":"Kontakt\/Impressum"},"content":{"rendered":"<h1><span style=\"color: #000000;\">Kontakt<\/span><\/h1>\n<p><strong><span style=\"color: #000000;\">Janusz-Korczak-Schule<\/span><\/strong><br \/><span style=\"color: #000000;\"> St\u00e4dt. Kath. Grundschule<\/span><br \/><span style=\"color: #000000;\"> Am Altenberger Kreuz 14<\/span><br \/><span style=\"color: #000000;\"> 51105 K\u00f6ln<\/span><br \/><span style=\"color: #000000;\"> Telefon: (0221) 9383004-0<\/span><\/p>\n<p><span style=\"color: #000000;\">Siegburger Stra\u00dfe 445\u00a0<\/span><br \/><span style=\"color: #000000;\"> 51105 K\u00f6ln<\/span><br \/><span style=\"color: #000000;\"> Telefon: (0221) 888274-10<\/span><\/p>\n<p><span style=\"color: #000000;\"> Fax: (0221) 888274-19<\/span><br \/><span style=\"color: #000000;\"> E-Mail:\u00a0<a href=\"mailto:112148@schule.nrw.de\"><span style=\"color: #000000;\">112148@schule.nrw.de<br \/><\/span><\/a>Internet:\u00a0<a href=\"http:\/\/www.kgs-janusz-korczak.de\/\"><span style=\"color: #000000;\">www.kgs-janusz-korczak.de<\/span><\/a><\/span><\/p>\n<h3><span style=\"color: #000000;\">Verwaltung<\/span><\/h3>\n<p><span style=\"color: #000000;\"><strong>Schulleiter:<\/strong> T. Tiarks (0221) 9383004-0 oder (0221) 888274-10<\/span><\/p>\n<p><strong>Konrektorin: <\/strong>J. Michaelis (0221)9383004-0 oder (0221) 888274-10<\/p>\n<p><span style=\"color: #000000;\"> <strong>Sekretariat:<\/strong> H. Noe (0221) 9383004-10\u00a0 oder (0221) 888274-10 Mo &#8211; Do 08:00 &#8211; 13:00\u00a0<\/span><\/p>\n<p><span style=\"color: #000000;\">heike.noe@stadt-koeln.de<\/span><\/p>\n<p><strong>Schulverwaltungsassistenz:\u00a0<\/strong>A. Heinrichs (0221) 888274-10<\/p>\n<p>anna-lina.heinrichs@stadt-koeln.de<\/p>\n<p><span style=\"color: #000000;\"><strong>Hausmeister:\u00a0<\/strong>N. N.<\/span><\/p>\n<h3><span style=\"color: #000000;\">OGS (Offener Ganztag)<\/span><\/h3>\n<p><span style=\"color: #000000;\">Leitung: M. Suarez (0221) 9383004-16 oder 01523 8271834 (Am Altenberger Kreuz)<\/span><\/p>\n<p><span style=\"color: #000000;\">Leitung: M. Suarez <\/span>(0221) 888274-15 oder 0173 6270120 (Siegburger Stra\u00dfe)<\/p>\n<p><span style=\"color: #000000;\"> E-Mail:\u00a0<span style=\"color: #000000;\">ogs-janusz-korczak@netzwerk.koeln<\/span><\/span><\/p>\n<p><strong>Tr\u00e4gerverein:<\/strong><br \/>Netzwerk e.V. \u2013 Soziale Dienste und \u00d6kologische Bildung<br \/>Longericher Stra\u00dfe 136<br \/>50739 K\u00f6ln-Bilderst\u00f6ckchen<br \/><strong>Ansprechpartnerin:\u00a0<\/strong> Fr. Kr\u00e4mer<br \/>Telefon: (0221) 888 996-40<br \/>Fax: (0221) 888 996-99<br \/><span style=\"color: #000000;\">E<\/span>-Mail: info@netzwerk.koeln<\/p>\n<h3><span style=\"color: #000000;\">Schulsozialarbeit<\/span><\/h3>\n<p><strong>Ansprechpartnerin:<\/strong> A. Bertram<br \/>Telefon: \u00a0(0221) 9383004-12 oder (0221) 888274-30 oder 01523 8271931<\/p>\n<p>E-Mail: annike.bertram@netzwerk.koeln<\/p>\n<h3><span style=\"color: #000000;\">Pool Schulbegleitung IBiS<\/span><\/h3>\n<p><strong>Ansprechpartnerin:<\/strong> A. Dr\u00f6ber<\/p>\n<p>Telefon: 01523 8271835<\/p>\n<p>E-Mail: anna.droeber@netzwerk.koeln<\/p>\n<h3>\u00a0<\/h3>\n<h3>Anfahrtsm\u00f6glichkeiten mit \u00f6ffentlichen Verkehrsmitteln<\/h3>\n<p><strong>Standort Am Altenberger Kreuz<\/strong><\/p>\n<p>Stra\u00dfenbahn: Linie 7, Haltestelle Raiffeisenstra\u00dfe<\/p>\n<p>Bus: Linie 151, Haltestelle: Am Grauen Stein<\/p>\n<p><strong>Standort Siegburger Stra\u00dfe<\/strong><\/p>\n<p>Stra\u00dfenbahn: Linie 7, Haltestelle Salmstra\u00dfe\u00a0<\/p>\n<p>Bus: Linie 159, Haltestelle: Siegburger Str.<\/p>\n\n\n<p><\/p>\n","protected":false},"excerpt":{"rendered":"<p>Kontakt Janusz-Korczak-Schule St\u00e4dt. Kath. Grundschule Am Altenberger Kreuz 14 51105 K\u00f6ln Telefon: (0221) 9383004-0 Siegburger Stra\u00dfe 445\u00a0 51105 K\u00f6ln Telefon: (0221) 888274-10 Fax: (0221) 888274-19 E-Mail:\u00a0112148@schule.nrw.deInternet:\u00a0www.kgs-janusz-korczak.de Verwaltung Schulleiter: T. Tiarks [&hellip;]<\/p>\n","protected":false},"author":1,"featured_media":0,"parent":0,"menu_order":4,"comment_status":"closed","ping_status":"closed","template":"","meta":{"footnotes":"","_links_to":"","_links_to_target":""},"class_list":["post-565","page","type-page","status-publish","hentry"],"post_mailing_queue_ids":[],"_links":{"self":[{"href":"https:\/\/www.kgs-janusz-korczak.de\/index.php?rest_route=\/wp\/v2\/pages\/565","targetHints":{"allow":["GET"]}}],"collection":[{"href":"https:\/\/www.kgs-janusz-korczak.de\/index.php?rest_route=\/wp\/v2\/pages"}],"about":[{"href":"https:\/\/www.kgs-janusz-korczak.de\/index.php?rest_route=\/wp\/v2\/types\/page"}],"author":[{"embeddable":true,"href":"https:\/\/www.kgs-janusz-korczak.de\/index.php?rest_route=\/wp\/v2\/users\/1"}],"replies":[{"embeddable":true,"href":"https:\/\/www.kgs-janusz-korczak.de\/index.php?rest_route=%2Fwp%2Fv2%2Fcomments&post=565"}],"version-history":[{"count":35,"href":"https:\/\/www.kgs-janusz-korczak.de\/index.php?rest_route=\/wp\/v2\/pages\/565\/revisions"}],"predecessor-version":[{"id":7152,"href":"https:\/\/www.kgs-janusz-korczak.de\/index.php?rest_route=\/wp\/v2\/pages\/565\/revisions\/7152"}],"wp:attachment":[{"href":"https:\/\/www.kgs-janusz-korczak.de\/index.php?rest_route=%2Fwp%2Fv2%2Fmedia&parent=565"}],"curies":[{"name":"wp","href":"https:\/\/api.w.org\/{rel}","templated":true}]}}