{"id":567,"date":"2012-05-23T11:46:59","date_gmt":"2012-05-23T11:46:59","guid":{"rendered":"http:\/\/www.rheinzeichner.de\/?page_id=567"},"modified":"2022-02-21T18:56:50","modified_gmt":"2022-02-21T18:56:50","slug":"links-3","status":"publish","type":"page","link":"https:\/\/www.kgs-janusz-korczak.de\/?page_id=567","title":{"rendered":"Links"},"content":{"rendered":"<h1><\/h1>\n<h3><strong>\u00a0Schule<\/strong><\/h3>\n<ul>\n<li><a href=\"http:\/\/www.schulministerium.nrw.de\/\" target=\"_blank\" rel=\"noopener\">Schulministerium NRW<\/a><\/li>\n<li><a href=\"http:\/\/www.stadt-koeln.de\/buergerservice\/adressen\/00211\/\" target=\"_blank\" rel=\"noopener\">Schulamt der Stadt K\u00f6ln<\/a><\/li>\n<li><a href=\"http:\/\/www.chancen-nrw.de\/test\/cms\/front_content.php?idcat=210\" target=\"_blank\" rel=\"noopener\">G\u00fctesiegel individuelle F\u00f6rderung<\/a><\/li>\n<\/ul>\n<h3><strong>Einrichtungen<\/strong><\/h3>\n<ul>\n<li><a href=\"http:\/\/www.autismus-koeln.de\/\" target=\"_blank\" rel=\"noopener\">Autismus Therapie Zentrum K\u00f6ln<\/a><\/li>\n<li><a href=\"http:\/\/www.stadt-koeln.de\/buergerservice\/adressen\/00245\/index.html\" target=\"_blank\" rel=\"noopener\">Bezirksjugendamt Porz<\/a><\/li>\n<li><a href=\"http:\/\/www.koelner-therapiezentrum.de\/index.htm\" target=\"_blank\" rel=\"noopener\">K\u00f6lner Therapiezentrum e.V.<\/a><\/li>\n<li><a href=\"http:\/\/www.stadt-koeln.de\/buergerservice\/adressen\/00253\/\" target=\"_blank\" rel=\"noopener\">Gesundheitsamt K\u00f6ln\/Kinder- und Jugendgesundheitsdienst<\/a><\/li>\n<li><a href=\"http:\/\/www.stadt-koeln.de\/buergerservice\/adressen\/00214\/\" target=\"_blank\" rel=\"noopener\">Schulpsychologischer Dienst<\/a><\/li>\n<\/ul>\n<h3><strong>Kinderg\u00e4rten<\/strong><\/h3>\n<p><a href=\"http:\/\/www.koelnerbranchen.de\/Kindergaerten_Poll.html\" target=\"_blank\" rel=\"noopener\">Kinderg\u00e4rten in K\u00f6ln Poll<\/a><\/p>\n<h3><strong>Schulen in K\u00f6ln<\/strong><\/h3>\n<ul>\n<li><a href=\"http:\/\/www.koeln.de\/koeln\/die_domstadt\/studium_und_schulen\/schulen_in_koeln_59079.html\" target=\"_blank\" rel=\"noopener\">Liste<\/a><\/li>\n<li><a href=\"http:\/\/www.bildung.koeln.de\/schule\/schulen_koeln\/\" target=\"_blank\" rel=\"noopener\">Suche nach Kriterien<\/a><\/li>\n<\/ul>\n<h3><strong>F\u00f6rderschulen in K\u00f6ln<\/strong><\/h3>\n<ul>\n<li><a href=\"http:\/\/www.bildung.koeln.de\/schule\/schulen_koeln\/schulen_suche_5.html\" target=\"_blank\" rel=\"noopener\">Suche nach Kriterien<\/a><\/li>\n<\/ul>\n<h3>FRESCH<\/h3>\n<ul>\n<li>http:\/\/sprachdidaktik.phil-fak.uni-koeln.de\/fileadmin\/sites\/sprachdidaktik\/braun.pdf<\/li>\n<\/ul>\n<h3><strong>ADHS<\/strong><\/h3>\n<ul>\n<li><a href=\"http:\/\/www.adhsnetz-koeln.de\/index.html\" target=\"_blank\" rel=\"noopener\">ADHS Kompetenznetzwerk K\u00f6ln<\/a><\/li>\n<li><a href=\"http:\/\/www.zentrales-adhs-netz.de\/index.php\" target=\"_blank\" rel=\"noopener\">Zentrales ADHS Netz (bundesweit)<\/a><\/li>\n<li><a href=\"http:\/\/www.stadt-koeln.de\/buergerservice\/adressen\/00214\/\" target=\"_blank\" rel=\"noopener\">Schulpsychologischer Dienst<\/a><\/li>\n<\/ul>\n<h3><strong>Dyskalkulie<\/strong><\/h3>\n<ul>\n<li><a href=\"http:\/\/www.bildung.koeln.de\/schule\/nachhilfe_foerderung\/lernstoerung\/rechenschwaeche\/\" target=\"_blank\" rel=\"noopener\">K\u00f6lner Bildungsserver<\/a><\/li>\n<li><a href=\"http:\/\/www.psychologisches-buero-koeln.de\/\" target=\"_blank\" rel=\"noopener\">Psychologisches B\u00fcro K\u00f6ln<\/a><\/li>\n<li><a href=\"http:\/\/www.stadt-koeln.de\/buergerservice\/adressen\/00214\/\" target=\"_blank\" rel=\"noopener\">Schulpsychologischer Dienst<\/a><\/li>\n<\/ul>\n<h3><strong>LRS<\/strong><\/h3>\n<ul>\n<li><a href=\"http:\/\/www.bildung.koeln.de\/schule\/nachhilfe_foerderung\/lernstoerung\/lrs\/\" target=\"_blank\" rel=\"noopener\">K\u00f6lner Bildungsserver<\/a><\/li>\n<li><a href=\"http:\/\/www.psychologisches-buero-koeln.de\/\" target=\"_blank\" rel=\"noopener\">Psychologisches B\u00fcro K\u00f6ln<\/a><\/li>\n<li><a href=\"http:\/\/www.stadt-koeln.de\/buergerservice\/adressen\/00214\/\" target=\"_blank\" rel=\"noopener\">Schulpsychologischer Dienst<\/a><\/li>\n<\/ul>\n<h3><strong>Hochbegabung<\/strong><\/h3>\n<ul>\n<li><a href=\"http:\/\/www.bildung.koeln.de\/schule\/nachhilfe_foerderung\/hochbegabtenfoerderung\/anlaufstellen\/index.html\" target=\"_blank\" rel=\"noopener\">K\u00f6lner Bildungsserver<\/a><\/li>\n<li><a href=\"http:\/\/www.psychologisches-buero-koeln.de\/\" target=\"_blank\" rel=\"noopener\">Psychologisches B\u00fcro K\u00f6ln<\/a><\/li>\n<li><a href=\"http:\/\/www.stadt-koeln.de\/buergerservice\/adressen\/00214\/\" target=\"_blank\" rel=\"noopener\">Schulpsychologischer Dienst<\/a><\/li>\n<\/ul>\n<h3><strong>Bildungsinformationen<\/strong><\/h3>\n<ul>\n<li><a href=\"http:\/\/www.bezreg-koeln.nrw.de\/\" target=\"_blank\" rel=\"noopener\">Bezirksregierung K\u00f6ln<\/a><\/li>\n<li><a href=\"http:\/\/www.bildung.koeln.de\/\" target=\"_blank\" rel=\"noopener\">K\u00f6lner Bildungsserver<\/a><\/li>\n<li><a href=\"http:\/\/www.schulministerium.nrw.de\/\" target=\"_blank\" rel=\"noopener\">Schulministerium K\u00f6ln<\/a><\/li>\n<\/ul>\n<h3><strong>Verschiedenes<\/strong><\/h3>\n<ul>\n<li><a href=\"http:\/\/www.inkoe.de\/\" target=\"_blank\" rel=\"noopener\">Integration \/ Inklusion K\u00f6ln<\/a><\/li>\n<\/ul>\n","protected":false},"excerpt":{"rendered":"<p>\u00a0Schule Schulministerium NRW Schulamt der Stadt K\u00f6ln G\u00fctesiegel individuelle F\u00f6rderung Einrichtungen Autismus Therapie Zentrum K\u00f6ln Bezirksjugendamt Porz K\u00f6lner Therapiezentrum e.V. Gesundheitsamt K\u00f6ln\/Kinder- und Jugendgesundheitsdienst Schulpsychologischer Dienst Kinderg\u00e4rten Kinderg\u00e4rten in K\u00f6ln [&hellip;]<\/p>\n","protected":false},"author":1,"featured_media":0,"parent":5767,"menu_order":6,"comment_status":"closed","ping_status":"closed","template":"","meta":{"footnotes":"","_links_to":"","_links_to_target":""},"class_list":["post-567","page","type-page","status-publish","hentry"],"post_mailing_queue_ids":[],"_links":{"self":[{"href":"https:\/\/www.kgs-janusz-korczak.de\/index.php?rest_route=\/wp\/v2\/pages\/567","targetHints":{"allow":["GET"]}}],"collection":[{"href":"https:\/\/www.kgs-janusz-korczak.de\/index.php?rest_route=\/wp\/v2\/pages"}],"about":[{"href":"https:\/\/www.kgs-janusz-korczak.de\/index.php?rest_route=\/wp\/v2\/types\/page"}],"author":[{"embeddable":true,"href":"https:\/\/www.kgs-janusz-korczak.de\/index.php?rest_route=\/wp\/v2\/users\/1"}],"replies":[{"embeddable":true,"href":"https:\/\/www.kgs-janusz-korczak.de\/index.php?rest_route=%2Fwp%2Fv2%2Fcomments&post=567"}],"version-history":[{"count":8,"href":"https:\/\/www.kgs-janusz-korczak.de\/index.php?rest_route=\/wp\/v2\/pages\/567\/revisions"}],"predecessor-version":[{"id":5758,"href":"https:\/\/www.kgs-janusz-korczak.de\/index.php?rest_route=\/wp\/v2\/pages\/567\/revisions\/5758"}],"up":[{"embeddable":true,"href":"https:\/\/www.kgs-janusz-korczak.de\/index.php?rest_route=\/wp\/v2\/pages\/5767"}],"wp:attachment":[{"href":"https:\/\/www.kgs-janusz-korczak.de\/index.php?rest_route=%2Fwp%2Fv2%2Fmedia&parent=567"}],"curies":[{"name":"wp","href":"https:\/\/api.w.org\/{rel}","templated":true}]}}