{"id":587,"date":"2012-05-23T11:51:18","date_gmt":"2012-05-23T11:51:18","guid":{"rendered":"http:\/\/www.rheinzeichner.de\/?page_id=587"},"modified":"2022-02-21T18:07:39","modified_gmt":"2022-02-21T18:07:39","slug":"%e2%80%9ehallo-liebe-eltern","status":"publish","type":"page","link":"https:\/\/www.kgs-janusz-korczak.de\/?page_id=587","title":{"rendered":"\u201eHallo liebe Eltern\u201c"},"content":{"rendered":"<h1 style=\"text-align: left;\" align=\"center\">\u201eHallo liebe Eltern!\u201c<\/h1>\n<h3 style=\"text-align: left;\" align=\"center\">Lebendige Schule durch Elternmitwirkung<\/h3>\n<p>Die Janusz Korczak-Grundschule ist ein wirklich gutes Beispiel daf\u00fcr, wie elementar wichtig die Mitwirkung der Eltern in der Schule ist. Diese \u201eMitwirkung\u201c beginnt nicht erst, wenn Eltern eine Position in der Klassen- oder Schulpflegschaft einnehmen, sondern findet ihren Anfang bereits mit einer aktiven, lebendigen Pr\u00e4senz im Schulalltag unserer Kinder. Wir als Eltern k\u00f6nnen durch unser authentisches Interesse, unseren Sachverstand und nat\u00fcrlich unser ambitioniertes Miteinander die Bedeutung von Schule und Bildung f\u00fcr unsere Kinder sicht- und auch f\u00fchlbar machen. Unsere aktive Mitgestaltung von Schule unterstreicht den gemeinsamen Bildungs- und Erziehungsauftrag. Die Mitwirkung vollzieht sich sowohl\u00a0 in kleinen wie auch in gro\u00dfen Schritten, wie etwa die Unterst\u00fctzung unserer KlassenlehrerInnen bei der Umsetzung t\u00e4glich wiederkehrender Lehr-Rituale oder der Einflussnahme auf die Lehrplanausgestaltung. Aber egal, ob kleine oder gro\u00dfe Schritte, wichtig ist allein, dass wir Eltern diese Schritte machen! \u2013 f\u00fcr oder besser gesagt \u201emit unseren Kindern!\u201c. Denn: Durch unsere Mitwirkung gestalten wir auch unsere Zukunft!<\/p>\n<p>Also liebe Eltern, melden Sie sich \u2013 Ihre Mitarbeit ist erw\u00fcnscht.<\/p>\n<p>Ihre Pflegschaft der Janusz-Korczak-Schule<\/p>\n","protected":false},"excerpt":{"rendered":"<p>\u201eHallo liebe Eltern!\u201c Lebendige Schule durch Elternmitwirkung Die Janusz Korczak-Grundschule ist ein wirklich gutes Beispiel daf\u00fcr, wie elementar wichtig die Mitwirkung der Eltern in der Schule ist. Diese \u201eMitwirkung\u201c beginnt [&hellip;]<\/p>\n","protected":false},"author":1,"featured_media":0,"parent":5767,"menu_order":0,"comment_status":"closed","ping_status":"closed","template":"","meta":{"footnotes":"","_links_to":"","_links_to_target":""},"class_list":["post-587","page","type-page","status-publish","hentry"],"post_mailing_queue_ids":[],"_links":{"self":[{"href":"https:\/\/www.kgs-janusz-korczak.de\/index.php?rest_route=\/wp\/v2\/pages\/587","targetHints":{"allow":["GET"]}}],"collection":[{"href":"https:\/\/www.kgs-janusz-korczak.de\/index.php?rest_route=\/wp\/v2\/pages"}],"about":[{"href":"https:\/\/www.kgs-janusz-korczak.de\/index.php?rest_route=\/wp\/v2\/types\/page"}],"author":[{"embeddable":true,"href":"https:\/\/www.kgs-janusz-korczak.de\/index.php?rest_route=\/wp\/v2\/users\/1"}],"replies":[{"embeddable":true,"href":"https:\/\/www.kgs-janusz-korczak.de\/index.php?rest_route=%2Fwp%2Fv2%2Fcomments&post=587"}],"version-history":[{"count":1,"href":"https:\/\/www.kgs-janusz-korczak.de\/index.php?rest_route=\/wp\/v2\/pages\/587\/revisions"}],"predecessor-version":[{"id":5769,"href":"https:\/\/www.kgs-janusz-korczak.de\/index.php?rest_route=\/wp\/v2\/pages\/587\/revisions\/5769"}],"up":[{"embeddable":true,"href":"https:\/\/www.kgs-janusz-korczak.de\/index.php?rest_route=\/wp\/v2\/pages\/5767"}],"wp:attachment":[{"href":"https:\/\/www.kgs-janusz-korczak.de\/index.php?rest_route=%2Fwp%2Fv2%2Fmedia&parent=587"}],"curies":[{"name":"wp","href":"https:\/\/api.w.org\/{rel}","templated":true}]}}