{"id":590,"date":"2012-05-23T11:51:57","date_gmt":"2012-05-23T11:51:57","guid":{"rendered":"http:\/\/www.rheinzeichner.de\/?page_id=590"},"modified":"2022-02-21T18:05:58","modified_gmt":"2022-02-21T18:05:58","slug":"auch-%e2%80%9ewir-sind-schule","status":"publish","type":"page","link":"https:\/\/www.kgs-janusz-korczak.de\/?page_id=590","title":{"rendered":"Auch \u201eWir\u201c sind Schule"},"content":{"rendered":"<h1 style=\"text-align: left;\" align=\"center\">Auch \u201eWIR\u201c sind Schule!<\/h1>\n<p>Die Schulpflegschaft der Janusz-Korczak-Grundschule setzt sich aus 16 ElternvertreterInnen der acht bestehenden Klassen (Klassenpflegschaft) zusammen. Da die Schule zweiz\u00fcgig ist,\u00a0 wird in jeder Klasse aus dem Kreis der Eltern ein\/eine KlassenpflegschaftsvertreterIN nebst seiner \/ihrer Vertretung gew\u00e4hlt.\u00a0Unser Motto lautet:\u00a0 Auch \u201eWIR\u201c sind Schule!\u00a0Erreichbar sind wir \u00fcber die Emailadresse der Schule:\u00a0<a href=\"mailto:112148@schule.nrw.de\">112148@schule.nrw.de<\/a><\/p>\n<h3>Und was machen wir so, welche Aufgaben haben wir?<\/h3>\n<p>Klassenpflegschaftsvorsitzende sind in allererster Linie Vermittler zwischen Eltern und LehrernInnen. Regelm\u00e4\u00dfige Gespr\u00e4che mit dem\/der KlassenlehrerIN geh\u00f6ren also dazu. Das Schulgesetz sieht vor, dass die Klassenpflegschaftsvorsitzenden zu den weiteren Sitzungen der Klassenpflegschaft einladen und diese leiten. Zudem sind sie Mitglieder der Schulpflegschaft, die wiederum Vertreter in die Schulkonferenz entsendet. In diesem wichtigsten schulinternen Gremium k\u00f6nnen also auch Eltern \u00fcber wesentliche Ma\u00dfnahmen innerhalb der Schule mit entscheiden. Klassenpflegschaftsvorsitzende sollten sich \u00fcber alle Schulbelange informieren und die Informationen bei Bedarf weitergeben. Gespr\u00e4che mit der Klassenlehrerin oder dem Klassenlehrer sollten regelm\u00e4\u00dfig stattfinden. Zus\u00e4tzlich kann das Schulprogramm eingesehen werden, um sich \u00fcber die grunds\u00e4tzliche Ausrichtung und die Ziele der Schule zu informieren.<\/p>\n<p>Die einzelnen Aufgaben und Mitwirkungspunkte ergeben sich, aus\u00a0den untenstehenden Links.<\/p>\n<ul>\n<li><a href=\"http:\/\/www.kgs-janusz-korczak.de\/wp-content\/uploads\/schulpflegschaft.pdf\" target=\"blank\" rel=\"noopener\">Schulgesetz \u00a7 72 Schulpflegschaft<\/a><\/li>\n<li><a href=\"http:\/\/www.kgs-janusz-korczak.de\/wp-content\/uploads\/elternmitwirkung_in_der_schule_2006.pdf\" target=\"blank\" rel=\"noopener\">Einfach mitwirken. Elternmitwirkung in der Schule. Ministerium f\u00fcr Schule, Jugend und Kinder des Landes Nordrhein-Westfalen<\/a><\/li>\n<\/ul>\n<p>Wir als Schulpflegschaft m\u00f6chten die Interessen aller Eltern vertreten und in Zusammenarbeit mit dem LehrerInnenkollegium und den MitarbeiterInnen der Janusz Korczak-Grundschule dazu beitragen, dass sich ALLE an der Schule wohlf\u00fchlen und wir gemeinsam das Schulleben \u201ebewegen\u201c und es bunt und spannend gestalten.<\/p>\n<h3>Schulpflegschaft\/Eltern aktiv<\/h3>\n<p>Die Pflegschaft sowie die Eltern der Janusz-Korczak-Grundschule\u00a0bringen sich an vielen Stellen in das Schulleben ein.\u00a0Hier nur einige wenige Beispiele :<\/p>\n<ol start=\"1\">\n<li>Planung und Vorbereitung von Schulfesten,<\/li>\n<li>Planung und Unterst\u00fctzung des j\u00e4hrlichen Schul-Martinszuges<\/li>\n<li>Unterst\u00fctzung anl\u00e4sslich des j\u00e4hrlich stattfindenden \u201eJKS-Informationstages f\u00fcr Vorschuleltern\u201c sowie der Einschulung,<\/li>\n<li>PflegschaftsvertreterInnen bringen sich sachgerecht und kompetent in der Schulkonferenz ein,<\/li>\n<li>Eltern unterst\u00fctzen die LehrerInnen in den Klassen bei Klassenfesten, Bastel- oder Projektaktionen und Unterrichtsg\u00e4ngen.<\/li>\n<li>Eltern bringen sich bei der Schulhofgestaltung, der Schulb\u00fccherei sowie der Spielger\u00e4teausleihe ein.<\/li>\n<\/ol>\n<p>Danke liebes Pflegschaftsteam und liebe Eltern, dass man sich auf Euch\/Sie verlassen kann!<\/p>\n<p>Ihre\/Eure Schulpflegschaft der Janusz-Korczak-Schule<\/p>\n","protected":false},"excerpt":{"rendered":"<p>Auch \u201eWIR\u201c sind Schule! Die Schulpflegschaft der Janusz-Korczak-Grundschule setzt sich aus 16 ElternvertreterInnen der acht bestehenden Klassen (Klassenpflegschaft) zusammen. Da die Schule zweiz\u00fcgig ist,\u00a0 wird in jeder Klasse aus dem [&hellip;]<\/p>\n","protected":false},"author":1,"featured_media":0,"parent":5767,"menu_order":2,"comment_status":"closed","ping_status":"closed","template":"","meta":{"footnotes":"","_links_to":"","_links_to_target":""},"class_list":["post-590","page","type-page","status-publish","hentry"],"post_mailing_queue_ids":[],"_links":{"self":[{"href":"https:\/\/www.kgs-janusz-korczak.de\/index.php?rest_route=\/wp\/v2\/pages\/590","targetHints":{"allow":["GET"]}}],"collection":[{"href":"https:\/\/www.kgs-janusz-korczak.de\/index.php?rest_route=\/wp\/v2\/pages"}],"about":[{"href":"https:\/\/www.kgs-janusz-korczak.de\/index.php?rest_route=\/wp\/v2\/types\/page"}],"author":[{"embeddable":true,"href":"https:\/\/www.kgs-janusz-korczak.de\/index.php?rest_route=\/wp\/v2\/users\/1"}],"replies":[{"embeddable":true,"href":"https:\/\/www.kgs-janusz-korczak.de\/index.php?rest_route=%2Fwp%2Fv2%2Fcomments&post=590"}],"version-history":[{"count":6,"href":"https:\/\/www.kgs-janusz-korczak.de\/index.php?rest_route=\/wp\/v2\/pages\/590\/revisions"}],"predecessor-version":[{"id":5770,"href":"https:\/\/www.kgs-janusz-korczak.de\/index.php?rest_route=\/wp\/v2\/pages\/590\/revisions\/5770"}],"up":[{"embeddable":true,"href":"https:\/\/www.kgs-janusz-korczak.de\/index.php?rest_route=\/wp\/v2\/pages\/5767"}],"wp:attachment":[{"href":"https:\/\/www.kgs-janusz-korczak.de\/index.php?rest_route=%2Fwp%2Fv2%2Fmedia&parent=590"}],"curies":[{"name":"wp","href":"https:\/\/api.w.org\/{rel}","templated":true}]}}