{"id":592,"date":"2012-05-23T11:52:43","date_gmt":"2012-05-23T11:52:43","guid":{"rendered":"http:\/\/www.rheinzeichner.de\/?page_id=592"},"modified":"2014-01-14T21:13:07","modified_gmt":"2014-01-14T21:13:07","slug":"roma","status":"publish","type":"page","link":"https:\/\/www.kgs-janusz-korczak.de\/?page_id=592","title":{"rendered":"Roma"},"content":{"rendered":"<h1>Roma-F\u00f6rderung<\/h1>\n<p style=\"text-align: justify;\">An der Janusz-Korczak-Schule ist die Roma-F\u00f6rderung ein fester Bestandteil unserer Individuellen F\u00f6rderung. Zurzeit besuchen 6 Roma-Kinder unsere Schule. Zus\u00e4tzlich zum Regelunterricht erh\u00e4lt die Schule Integrationshilfestunden, um auch diese Kinder besonders zu f\u00f6rdern.<\/p>\n<p style=\"text-align: justify;\">In der so genannten Migra-F\u00f6rderung werden die Roma-Kinder in Kleingruppen mit anderen Kindern mit Migrationshintergrund nach Alter oder auch nach Leistungsstand zusammengefasst. Schulische Inhalte werden mit Hilfe von Materialien, die speziell f\u00fcr Kinder mit Deutsch als Zweitsprache konzipiert wurden, vermittelt. Der praktische Umgang steht bei unserer Migra-F\u00f6rderung im Mittelpunkt. So werden h\u00e4ufig auch au\u00dferschulische Lernorte wie B\u00e4ckereien, Kaufh\u00e4user u.v.m. aufgesucht.<\/p>\n<p style=\"text-align: justify;\">Das zust\u00e4ndige Schulteam und auch die Schulsozialarbeiterin besuchen regelm\u00e4\u00dfig das Roma-Wohnheim am Poller Holzweg. Um die Roma-Kinder besser integrieren zu k\u00f6nnen, arbeitet im OGTS der Schule eine p\u00e4dagogische Mitarbeiterin, die ebenfalls\u00a0zur Volksgruppe der\u00a0Roma geh\u00f6rt. So k\u00f6nnen wir sprachlichen und kulturellen Barrieren gut begegnen.<\/p>\n<p style=\"text-align: justify;\">Elternarbeit ist uns auch in diesem Bereich unserer schulischen T\u00e4tigkeiten sehr wichtig und f\u00fcr den schulischen Erfolg der Kinder unerl\u00e4sslich. In regelm\u00e4\u00dfigen Abst\u00e4nden findet ein Elterncaf\u00e9 statt. Interessierte Eltern \u2013 Roma und Nicht-Roma \u2013 k\u00f6nnen sich in gem\u00fctlicher Atmosph\u00e4re kennen lernen und austauschen. Themen, die Eltern wichtig sind, werden hier aufgegriffen und ggf. auch mit Hilfe von au\u00dferschulischen Referenten besprochen. So soll besonders auch Roma-Eltern, denen das Schulsystem fremd ist, Schule nahe gebracht werden.<\/p>\n","protected":false},"excerpt":{"rendered":"<p>Roma-F\u00f6rderung An der Janusz-Korczak-Schule ist die Roma-F\u00f6rderung ein fester Bestandteil unserer Individuellen F\u00f6rderung. Zurzeit besuchen 6 Roma-Kinder unsere Schule. Zus\u00e4tzlich zum Regelunterricht erh\u00e4lt die Schule Integrationshilfestunden, um auch diese Kinder [&hellip;]<\/p>\n","protected":false},"author":1,"featured_media":0,"parent":523,"menu_order":2,"comment_status":"closed","ping_status":"closed","template":"","meta":{"footnotes":"","_links_to":"","_links_to_target":""},"class_list":["post-592","page","type-page","status-publish","hentry"],"post_mailing_queue_ids":[],"_links":{"self":[{"href":"https:\/\/www.kgs-janusz-korczak.de\/index.php?rest_route=\/wp\/v2\/pages\/592","targetHints":{"allow":["GET"]}}],"collection":[{"href":"https:\/\/www.kgs-janusz-korczak.de\/index.php?rest_route=\/wp\/v2\/pages"}],"about":[{"href":"https:\/\/www.kgs-janusz-korczak.de\/index.php?rest_route=\/wp\/v2\/types\/page"}],"author":[{"embeddable":true,"href":"https:\/\/www.kgs-janusz-korczak.de\/index.php?rest_route=\/wp\/v2\/users\/1"}],"replies":[{"embeddable":true,"href":"https:\/\/www.kgs-janusz-korczak.de\/index.php?rest_route=%2Fwp%2Fv2%2Fcomments&post=592"}],"version-history":[{"count":5,"href":"https:\/\/www.kgs-janusz-korczak.de\/index.php?rest_route=\/wp\/v2\/pages\/592\/revisions"}],"predecessor-version":[{"id":1235,"href":"https:\/\/www.kgs-janusz-korczak.de\/index.php?rest_route=\/wp\/v2\/pages\/592\/revisions\/1235"}],"up":[{"embeddable":true,"href":"https:\/\/www.kgs-janusz-korczak.de\/index.php?rest_route=\/wp\/v2\/pages\/523"}],"wp:attachment":[{"href":"https:\/\/www.kgs-janusz-korczak.de\/index.php?rest_route=%2Fwp%2Fv2%2Fmedia&parent=592"}],"curies":[{"name":"wp","href":"https:\/\/api.w.org\/{rel}","templated":true}]}}