{"id":597,"date":"2012-05-23T11:53:19","date_gmt":"2012-05-23T11:53:19","guid":{"rendered":"http:\/\/www.rheinzeichner.de\/?page_id=597"},"modified":"2014-01-14T21:10:02","modified_gmt":"2014-01-14T21:10:02","slug":"medien","status":"publish","type":"page","link":"https:\/\/www.kgs-janusz-korczak.de\/?page_id=597","title":{"rendered":"Medien"},"content":{"rendered":"<h1>Das Medienkonzept der Janusz-Korczak-Schule<\/h1>\n<p style=\"text-align: justify;\">Im Jahr 2008 erhielten wir die Zusage, dass die unsere Schule als Pilotschule ausgew\u00e4hlt ist, am \u201eCAS-Projekt\u201c der Stadt K\u00f6ln teilzunehmen (\u201eCologne Area Schoolnet\u201c). Dies bedeutet eine Vernetzung aller Medienecken im Schulgeb\u00e4ude. Au\u00dferdem erh\u00e4lt jede Klasse einen zus\u00e4tzlichen neuen Computer (2009). Im November 2008 haben wir eine mobile Pr\u00e4sentationseinheit erhalten (Notebook und Beamer) sowie eine Videokamera. Durch das CAS-Projekt k\u00f6nnen alle Klassen \u201eonline\u201c gehen.<\/p>\n<p style=\"text-align: justify;\">Neben B\u00fcchern, Lexika und Kassettenrekorder benutzen die Sch\u00fcler den PC, um f\u00fcr den fach\u00fcbergreifenden Projektunterricht, f\u00fcr den Sachunterricht, Musik- oder Kunstunterricht Informationen zu erhalten und ihr Wissen zu erweitern. Die Sch\u00fcler erstellen mit Hilfe der PCs Texte, Grafiken oder Fotos und pr\u00e4sentieren ihre Ergebnisse multimedial in der Klasse.<\/p>\n<p style=\"text-align: justify;\">Die Arbeit am Computer wird an der JKS durch die Lehrer in die Unterrichtsplanung eingebettet. Dabei wird der Partner- und Gruppenarbeit der Vorzug gegen\u00fcber der Einzelarbeit am PC gegeben.<\/p>\n<p style=\"text-align: justify;\">Der PC wird auch eingesetzt<\/p>\n<ul>\n<li style=\"text-align: justify;\">als zus\u00e4tzliches unterst\u00fctzendes Medium f\u00fcr die Sch\u00fcler\/-innen im Rahmen der Freien Arbeit, in anderen F\u00e4chern oder im Rahmen projektorientiertem, f\u00e4cher\u00fcbergreifendem Unterricht (Schreibwerkstatt, Lernprogramme im Bereich Sprache, Mathematik, Sachunterricht, Musik, Nachschlagewerke,&#8230;),<\/li>\n<li style=\"text-align: justify;\">als elektronisches, individualisiertes Unterst\u00fctzungsinstrument f\u00fcr lernschwache oder kognitiv\/motorisch behinderte Kinder (in den Klassen, in Arbeitsgemeinschaften oder im Rahmen des F\u00f6rderunterrichts). Insbesondere die behinderten und aufmerksamkeitsschwachen Kinder werden durch den hohem Aufforderungscharakter und die anschaulichen Hilfen motiviert,<\/li>\n<li style=\"text-align: justify;\">im Rahmen einer Computer-AG f\u00fcr Sch\u00fcler\/-innen der Klassen 4 (Programmieren, Zeichnen und Fotografieren mit dem PC, Textverarbeitung), vgl. auch ausf\u00fchrlicheren Text weiter unten<\/li>\n<li style=\"text-align: justify;\">f\u00fcr Recherchen im Internet und f\u00fcr Kontakte \u00fcber Email und<\/li>\n<li style=\"text-align: justify;\">zur Ausarbeitung individualisierter Arbeitsmaterialien durch die Lehrer.<\/li>\n<\/ul>\n","protected":false},"excerpt":{"rendered":"<p>Das Medienkonzept der Janusz-Korczak-Schule Im Jahr 2008 erhielten wir die Zusage, dass die unsere Schule als Pilotschule ausgew\u00e4hlt ist, am \u201eCAS-Projekt\u201c der Stadt K\u00f6ln teilzunehmen (\u201eCologne Area Schoolnet\u201c). Dies bedeutet [&hellip;]<\/p>\n","protected":false},"author":1,"featured_media":0,"parent":523,"menu_order":3,"comment_status":"closed","ping_status":"closed","template":"","meta":{"footnotes":"","_links_to":"","_links_to_target":""},"class_list":["post-597","page","type-page","status-publish","hentry"],"post_mailing_queue_ids":[],"_links":{"self":[{"href":"https:\/\/www.kgs-janusz-korczak.de\/index.php?rest_route=\/wp\/v2\/pages\/597","targetHints":{"allow":["GET"]}}],"collection":[{"href":"https:\/\/www.kgs-janusz-korczak.de\/index.php?rest_route=\/wp\/v2\/pages"}],"about":[{"href":"https:\/\/www.kgs-janusz-korczak.de\/index.php?rest_route=\/wp\/v2\/types\/page"}],"author":[{"embeddable":true,"href":"https:\/\/www.kgs-janusz-korczak.de\/index.php?rest_route=\/wp\/v2\/users\/1"}],"replies":[{"embeddable":true,"href":"https:\/\/www.kgs-janusz-korczak.de\/index.php?rest_route=%2Fwp%2Fv2%2Fcomments&post=597"}],"version-history":[{"count":2,"href":"https:\/\/www.kgs-janusz-korczak.de\/index.php?rest_route=\/wp\/v2\/pages\/597\/revisions"}],"predecessor-version":[{"id":1829,"href":"https:\/\/www.kgs-janusz-korczak.de\/index.php?rest_route=\/wp\/v2\/pages\/597\/revisions\/1829"}],"up":[{"embeddable":true,"href":"https:\/\/www.kgs-janusz-korczak.de\/index.php?rest_route=\/wp\/v2\/pages\/523"}],"wp:attachment":[{"href":"https:\/\/www.kgs-janusz-korczak.de\/index.php?rest_route=%2Fwp%2Fv2%2Fmedia&parent=597"}],"curies":[{"name":"wp","href":"https:\/\/api.w.org\/{rel}","templated":true}]}}