{"id":6037,"date":"2022-09-12T15:40:46","date_gmt":"2022-09-12T15:40:46","guid":{"rendered":"https:\/\/www.kgs-janusz-korczak.de\/?page_id=6037"},"modified":"2026-04-24T20:14:12","modified_gmt":"2026-04-24T20:14:12","slug":"klasse-4c-die-igel","status":"publish","type":"page","link":"https:\/\/www.kgs-janusz-korczak.de\/?page_id=6037","title":{"rendered":"Klasse 4c &#8211; Die Biber"},"content":{"rendered":"\n<div class=\"wp-block-image\"><figure class=\"aligncenter size-large\"><img loading=\"lazy\" decoding=\"async\" width=\"700\" height=\"467\" src=\"https:\/\/www.kgs-janusz-korczak.de\/wp-content\/uploads\/1c-biber-700x467.jpeg\" alt=\"\" class=\"wp-image-6523\" srcset=\"https:\/\/www.kgs-janusz-korczak.de\/wp-content\/uploads\/1c-biber-700x467.jpeg 700w, https:\/\/www.kgs-janusz-korczak.de\/wp-content\/uploads\/1c-biber-300x200.jpeg 300w, https:\/\/www.kgs-janusz-korczak.de\/wp-content\/uploads\/1c-biber-768x512.jpeg 768w, https:\/\/www.kgs-janusz-korczak.de\/wp-content\/uploads\/1c-biber-1536x1024.jpeg 1536w, https:\/\/www.kgs-janusz-korczak.de\/wp-content\/uploads\/1c-biber-2048x1365.jpeg 2048w\" sizes=\"auto, (max-width: 700px) 100vw, 700px\" \/><\/figure><\/div>\n\n\n\n<div class=\"wp-block-image\"><figure class=\"aligncenter size-large\"><img loading=\"lazy\" decoding=\"async\" width=\"700\" height=\"490\" src=\"https:\/\/www.kgs-janusz-korczak.de\/wp-content\/uploads\/Igel-2022-700x490.jpg\" alt=\"\" class=\"wp-image-6059\" srcset=\"https:\/\/www.kgs-janusz-korczak.de\/wp-content\/uploads\/Igel-2022-700x490.jpg 700w, https:\/\/www.kgs-janusz-korczak.de\/wp-content\/uploads\/Igel-2022-300x210.jpg 300w, https:\/\/www.kgs-janusz-korczak.de\/wp-content\/uploads\/Igel-2022-768x538.jpg 768w, https:\/\/www.kgs-janusz-korczak.de\/wp-content\/uploads\/Igel-2022-1536x1076.jpg 1536w, https:\/\/www.kgs-janusz-korczak.de\/wp-content\/uploads\/Igel-2022-2048x1435.jpg 2048w\" sizes=\"auto, (max-width: 700px) 100vw, 700px\" \/><\/figure><\/div>\n\n\n\n<p class=\"has-text-align-center has-primary-color has-text-color has-large-font-size\"><strong>Der Fr\u00fchling zieht bei den Bibern ein<\/strong><\/p>\n\n\n\n<p class=\"has-text-align-center\">Februar 2023. Im Sachunterricht geht es bei den ersten Klassen unter anderem um Tulpen, Narzissen und Krokusse- kurz: um die sch\u00f6nen Fr\u00fchbl\u00fcher. Die Kinder der Klasse 1c haben nun flei\u00dfig die Blumenzwiebeln eingepflanzt und es wird das Wachstum beobachtet und dokumentiert. Ein wirklich sch\u00f6nes Thema, das die Kinder begeistert. Die (hoffentlich) tollen Blumen werden dann hier zu bestaunen sein .<\/p>\n\n\n\n<div class=\"wp-block-image\"><figure class=\"aligncenter size-large\"><img loading=\"lazy\" decoding=\"async\" width=\"700\" height=\"517\" src=\"https:\/\/www.kgs-janusz-korczak.de\/wp-content\/uploads\/Bildschirmfoto-2023-03-01-um-16.53.19-1-700x517.png\" alt=\"\" class=\"wp-image-6229\" srcset=\"https:\/\/www.kgs-janusz-korczak.de\/wp-content\/uploads\/Bildschirmfoto-2023-03-01-um-16.53.19-1-700x517.png 700w, https:\/\/www.kgs-janusz-korczak.de\/wp-content\/uploads\/Bildschirmfoto-2023-03-01-um-16.53.19-1-300x221.png 300w, https:\/\/www.kgs-janusz-korczak.de\/wp-content\/uploads\/Bildschirmfoto-2023-03-01-um-16.53.19-1-768x567.png 768w, https:\/\/www.kgs-janusz-korczak.de\/wp-content\/uploads\/Bildschirmfoto-2023-03-01-um-16.53.19-1-1536x1133.png 1536w, https:\/\/www.kgs-janusz-korczak.de\/wp-content\/uploads\/Bildschirmfoto-2023-03-01-um-16.53.19-1.png 1824w\" sizes=\"auto, (max-width: 700px) 100vw, 700px\" \/><\/figure><\/div>\n","protected":false},"excerpt":{"rendered":"<p>Der Fr\u00fchling zieht bei den Bibern ein Februar 2023. Im Sachunterricht geht es bei den ersten Klassen unter anderem um Tulpen, Narzissen und Krokusse- kurz: um die sch\u00f6nen Fr\u00fchbl\u00fcher. Die [&hellip;]<\/p>\n","protected":false},"author":1,"featured_media":0,"parent":345,"menu_order":12,"comment_status":"closed","ping_status":"closed","template":"","meta":{"footnotes":"","_links_to":"","_links_to_target":""},"class_list":["post-6037","page","type-page","status-publish","hentry"],"post_mailing_queue_ids":[],"_links":{"self":[{"href":"https:\/\/www.kgs-janusz-korczak.de\/index.php?rest_route=\/wp\/v2\/pages\/6037","targetHints":{"allow":["GET"]}}],"collection":[{"href":"https:\/\/www.kgs-janusz-korczak.de\/index.php?rest_route=\/wp\/v2\/pages"}],"about":[{"href":"https:\/\/www.kgs-janusz-korczak.de\/index.php?rest_route=\/wp\/v2\/types\/page"}],"author":[{"embeddable":true,"href":"https:\/\/www.kgs-janusz-korczak.de\/index.php?rest_route=\/wp\/v2\/users\/1"}],"replies":[{"embeddable":true,"href":"https:\/\/www.kgs-janusz-korczak.de\/index.php?rest_route=%2Fwp%2Fv2%2Fcomments&post=6037"}],"version-history":[{"count":10,"href":"https:\/\/www.kgs-janusz-korczak.de\/index.php?rest_route=\/wp\/v2\/pages\/6037\/revisions"}],"predecessor-version":[{"id":7125,"href":"https:\/\/www.kgs-janusz-korczak.de\/index.php?rest_route=\/wp\/v2\/pages\/6037\/revisions\/7125"}],"up":[{"embeddable":true,"href":"https:\/\/www.kgs-janusz-korczak.de\/index.php?rest_route=\/wp\/v2\/pages\/345"}],"wp:attachment":[{"href":"https:\/\/www.kgs-janusz-korczak.de\/index.php?rest_route=%2Fwp%2Fv2%2Fmedia&parent=6037"}],"curies":[{"name":"wp","href":"https:\/\/api.w.org\/{rel}","templated":true}]}}