{"id":6041,"date":"2022-09-12T15:42:37","date_gmt":"2022-09-12T15:42:37","guid":{"rendered":"https:\/\/www.kgs-janusz-korczak.de\/?page_id=6041"},"modified":"2026-04-24T20:13:48","modified_gmt":"2026-04-24T20:13:48","slug":"klasse-4a-die-pandas","status":"publish","type":"page","link":"https:\/\/www.kgs-janusz-korczak.de\/?page_id=6041","title":{"rendered":"Klasse 4a &#8211; Die Pandas"},"content":{"rendered":"\n<div class=\"wp-block-image\"><figure class=\"aligncenter size-large\"><img loading=\"lazy\" decoding=\"async\" width=\"700\" height=\"467\" src=\"https:\/\/www.kgs-janusz-korczak.de\/wp-content\/uploads\/2a-pandas-700x467.jpeg\" alt=\"\" class=\"wp-image-6509\" srcset=\"https:\/\/www.kgs-janusz-korczak.de\/wp-content\/uploads\/2a-pandas-700x467.jpeg 700w, https:\/\/www.kgs-janusz-korczak.de\/wp-content\/uploads\/2a-pandas-300x200.jpeg 300w, https:\/\/www.kgs-janusz-korczak.de\/wp-content\/uploads\/2a-pandas-768x512.jpeg 768w, https:\/\/www.kgs-janusz-korczak.de\/wp-content\/uploads\/2a-pandas-1536x1024.jpeg 1536w, https:\/\/www.kgs-janusz-korczak.de\/wp-content\/uploads\/2a-pandas-2048x1365.jpeg 2048w\" sizes=\"auto, (max-width: 700px) 100vw, 700px\" \/><\/figure><\/div>\n\n\n\n<div class=\"wp-block-image\"><figure class=\"aligncenter size-large\"><img loading=\"lazy\" decoding=\"async\" width=\"700\" height=\"491\" src=\"https:\/\/www.kgs-janusz-korczak.de\/wp-content\/uploads\/Pandas-20221-700x491.jpg\" alt=\"\" class=\"wp-image-6055\" srcset=\"https:\/\/www.kgs-janusz-korczak.de\/wp-content\/uploads\/Pandas-20221-700x491.jpg 700w, https:\/\/www.kgs-janusz-korczak.de\/wp-content\/uploads\/Pandas-20221-300x210.jpg 300w, https:\/\/www.kgs-janusz-korczak.de\/wp-content\/uploads\/Pandas-20221-768x538.jpg 768w, https:\/\/www.kgs-janusz-korczak.de\/wp-content\/uploads\/Pandas-20221-1536x1076.jpg 1536w, https:\/\/www.kgs-janusz-korczak.de\/wp-content\/uploads\/Pandas-20221-2048x1435.jpg 2048w\" sizes=\"auto, (max-width: 700px) 100vw, 700px\" \/><\/figure><\/div>\n\n\n\n<p class=\"has-text-align-center has-primary-color has-text-color has-large-font-size\"><strong>Hallo, wir sind die Pandab\u00e4ren!&nbsp;<\/strong><\/p>\n\n\n\n<p class=\"has-text-align-center has-primary-color has-text-color\">Wir sind insgesamt 18 Kinder: 8 M\u00e4dchen und 10 Jungen. Zu uns geh\u00f6ren auch noch zwei Klassentiere, Pepe und Pauline, die uns den ganzen Schultag begleiten und uns auch bald zuhause besuchen d\u00fcrfen!<\/p>\n\n\n\n<p class=\"has-text-align-center has-primary-color has-text-color\">Wir sind noch nicht so lange in der Schule, f\u00fchlen uns hier aber schon richtig wohl!&nbsp;<\/p>\n\n\n\n<p class=\"has-text-align-center has-primary-color has-text-color\">Unser Kind des Tages hat immer wichtige Aufgaben: Es startet den Tag mit einem Begr\u00fc\u00dfungsreim, z\u00e4hlt nach ob alle Kinder da sind und fragt uns alle wie es uns so geht!<\/p>\n\n\n\n<p class=\"has-text-align-center has-primary-color has-text-color\">Au\u00dferdem z\u00e4hlen wir die Tage, die wir schon in der Schule sind. Wenn&nbsp;<\/p>\n\n\n\n<p class=\"has-text-align-center has-primary-color has-text-color\">wir 100 Tage geschafft haben, gibt es ein kleines Fest! Darauf freuen&nbsp;<\/p>\n\n\n\n<p class=\"has-text-align-center has-primary-color has-text-color\">wir uns schon sehr!&nbsp;\uf04a<\/p>\n\n\n\n<p class=\"has-text-align-center has-primary-color has-text-color\">Wir bewegen uns viel und gerne und k\u00f6nnen den Zebra-Rap schon richtig laut mitsingen!&nbsp;<\/p>\n\n\n\n<p class=\"has-text-align-center has-primary-color has-text-color\">Mit unserer Patenklasse, den Giraffen, haben wir auch schon gemeinsame Projekte gemacht: eine Rallye durch das Schulhaus und ein Lesefr\u00fchst\u00fcck. Das hat richtig Spa\u00df gemacht!<\/p>\n\n\n\n<p class=\"has-text-align-center has-primary-color has-text-color\">Wir sind schon sehr gespannt was wir an unserer Schule noch alles erleben werden!<\/p>\n\n\n\n<p class=\"has-text-align-center has-primary-color has-text-color\">Eure Pandab\u00e4ren&nbsp;\uf04a<\/p>\n\n\n\n<div class=\"wp-block-image\"><figure class=\"aligncenter size-large\"><img loading=\"lazy\" decoding=\"async\" width=\"700\" height=\"149\" src=\"https:\/\/www.kgs-janusz-korczak.de\/wp-content\/uploads\/Trennbild-700x149.png\" alt=\"\" class=\"wp-image-5836\" srcset=\"https:\/\/www.kgs-janusz-korczak.de\/wp-content\/uploads\/Trennbild-700x149.png 700w, https:\/\/www.kgs-janusz-korczak.de\/wp-content\/uploads\/Trennbild-300x64.png 300w, https:\/\/www.kgs-janusz-korczak.de\/wp-content\/uploads\/Trennbild-768x163.png 768w, https:\/\/www.kgs-janusz-korczak.de\/wp-content\/uploads\/Trennbild.png 1216w\" sizes=\"auto, (max-width: 700px) 100vw, 700px\" \/><\/figure><\/div>\n\n\n\n<div class=\"wp-block-image\"><figure class=\"aligncenter size-large\"><img loading=\"lazy\" decoding=\"async\" width=\"700\" height=\"424\" src=\"https:\/\/www.kgs-janusz-korczak.de\/wp-content\/uploads\/Bildschirm\u00adfoto-2023-04-25-um-18.36.02-700x424.png\" alt=\"\" class=\"wp-image-6279\" srcset=\"https:\/\/www.kgs-janusz-korczak.de\/wp-content\/uploads\/Bildschirm\u00adfoto-2023-04-25-um-18.36.02-700x424.png 700w, https:\/\/www.kgs-janusz-korczak.de\/wp-content\/uploads\/Bildschirm\u00adfoto-2023-04-25-um-18.36.02-300x182.png 300w, https:\/\/www.kgs-janusz-korczak.de\/wp-content\/uploads\/Bildschirm\u00adfoto-2023-04-25-um-18.36.02-768x465.png 768w, https:\/\/www.kgs-janusz-korczak.de\/wp-content\/uploads\/Bildschirm\u00adfoto-2023-04-25-um-18.36.02-1536x930.png 1536w, https:\/\/www.kgs-janusz-korczak.de\/wp-content\/uploads\/Bildschirm\u00adfoto-2023-04-25-um-18.36.02-2048x1240.png 2048w\" sizes=\"auto, (max-width: 700px) 100vw, 700px\" \/><\/figure><\/div>\n\n\n\n<p class=\"has-text-align-center\">Die Pandab\u00e4ren haben Leserollen zum &#8222;Farbenmonster&#8220; gebastelt und in der Turnhalle pr\u00e4sentiert.<\/p>\n\n\n\n<figure class=\"wp-block-gallery has-nested-images columns-default is-cropped wp-block-gallery-1 is-layout-flex wp-block-gallery-is-layout-flex\"><\/figure>\n\n\n\n<div class=\"wp-block-image\"><figure class=\"aligncenter size-large\"><img loading=\"lazy\" decoding=\"async\" width=\"700\" height=\"149\" src=\"https:\/\/www.kgs-janusz-korczak.de\/wp-content\/uploads\/Trennbild-700x149.png\" alt=\"\" class=\"wp-image-5838\" srcset=\"https:\/\/www.kgs-janusz-korczak.de\/wp-content\/uploads\/Trennbild-700x149.png 700w, https:\/\/www.kgs-janusz-korczak.de\/wp-content\/uploads\/Trennbild-300x64.png 300w, https:\/\/www.kgs-janusz-korczak.de\/wp-content\/uploads\/Trennbild-768x163.png 768w, https:\/\/www.kgs-janusz-korczak.de\/wp-content\/uploads\/Trennbild.png 1216w\" sizes=\"auto, (max-width: 700px) 100vw, 700px\" \/><\/figure><\/div>\n\n\n\n<div class=\"wp-block-image\"><figure class=\"aligncenter size-large\"><img loading=\"lazy\" decoding=\"async\" width=\"700\" height=\"525\" src=\"https:\/\/www.kgs-janusz-korczak.de\/wp-content\/uploads\/attatchment.aiEBdo-700x525.jpeg\" alt=\"\" class=\"wp-image-6245\" srcset=\"https:\/\/www.kgs-janusz-korczak.de\/wp-content\/uploads\/attatchment.aiEBdo-700x525.jpeg 700w, https:\/\/www.kgs-janusz-korczak.de\/wp-content\/uploads\/attatchment.aiEBdo-300x225.jpeg 300w, https:\/\/www.kgs-janusz-korczak.de\/wp-content\/uploads\/attatchment.aiEBdo-768x576.jpeg 768w, https:\/\/www.kgs-janusz-korczak.de\/wp-content\/uploads\/attatchment.aiEBdo.jpeg 1024w\" sizes=\"auto, (max-width: 700px) 100vw, 700px\" \/><figcaption>Die Pandab\u00e4ren hatten in den letzten Wochen viel Spa\u00df beim Rollbrettfahren. Jetzt haben sie ihren Rollbrettf\u00fchrerschein bestanden!<\/figcaption><\/figure><\/div>\n\n\n\n<div class=\"wp-block-image\"><figure class=\"aligncenter size-large\"><img loading=\"lazy\" decoding=\"async\" width=\"700\" height=\"213\" src=\"https:\/\/www.kgs-janusz-korczak.de\/wp-content\/uploads\/Bildschirm\u00adfoto-2023-03-01-um-17.42.32-700x213.png\" alt=\"\" class=\"wp-image-6246\" srcset=\"https:\/\/www.kgs-janusz-korczak.de\/wp-content\/uploads\/Bildschirm\u00adfoto-2023-03-01-um-17.42.32-700x213.png 700w, https:\/\/www.kgs-janusz-korczak.de\/wp-content\/uploads\/Bildschirm\u00adfoto-2023-03-01-um-17.42.32-300x91.png 300w, https:\/\/www.kgs-janusz-korczak.de\/wp-content\/uploads\/Bildschirm\u00adfoto-2023-03-01-um-17.42.32-768x233.png 768w, https:\/\/www.kgs-janusz-korczak.de\/wp-content\/uploads\/Bildschirm\u00adfoto-2023-03-01-um-17.42.32-1536x466.png 1536w, https:\/\/www.kgs-janusz-korczak.de\/wp-content\/uploads\/Bildschirm\u00adfoto-2023-03-01-um-17.42.32-2048x622.png 2048w\" sizes=\"auto, (max-width: 700px) 100vw, 700px\" \/><figcaption>Es macht auch gro\u00dfen Spa\u00df eigene Rollbrettfahrzeuge zu bauen.<\/figcaption><\/figure><\/div>\n","protected":false},"excerpt":{"rendered":"<p>Hallo, wir sind die Pandab\u00e4ren!&nbsp; Wir sind insgesamt 18 Kinder: 8 M\u00e4dchen und 10 Jungen. Zu uns geh\u00f6ren auch noch zwei Klassentiere, Pepe und Pauline, die uns den ganzen Schultag [&hellip;]<\/p>\n","protected":false},"author":1,"featured_media":0,"parent":345,"menu_order":10,"comment_status":"closed","ping_status":"closed","template":"","meta":{"footnotes":"","_links_to":"","_links_to_target":""},"class_list":["post-6041","page","type-page","status-publish","hentry"],"post_mailing_queue_ids":[],"_links":{"self":[{"href":"https:\/\/www.kgs-janusz-korczak.de\/index.php?rest_route=\/wp\/v2\/pages\/6041","targetHints":{"allow":["GET"]}}],"collection":[{"href":"https:\/\/www.kgs-janusz-korczak.de\/index.php?rest_route=\/wp\/v2\/pages"}],"about":[{"href":"https:\/\/www.kgs-janusz-korczak.de\/index.php?rest_route=\/wp\/v2\/types\/page"}],"author":[{"embeddable":true,"href":"https:\/\/www.kgs-janusz-korczak.de\/index.php?rest_route=\/wp\/v2\/users\/1"}],"replies":[{"embeddable":true,"href":"https:\/\/www.kgs-janusz-korczak.de\/index.php?rest_route=%2Fwp%2Fv2%2Fcomments&post=6041"}],"version-history":[{"count":12,"href":"https:\/\/www.kgs-janusz-korczak.de\/index.php?rest_route=\/wp\/v2\/pages\/6041\/revisions"}],"predecessor-version":[{"id":7123,"href":"https:\/\/www.kgs-janusz-korczak.de\/index.php?rest_route=\/wp\/v2\/pages\/6041\/revisions\/7123"}],"up":[{"embeddable":true,"href":"https:\/\/www.kgs-janusz-korczak.de\/index.php?rest_route=\/wp\/v2\/pages\/345"}],"wp:attachment":[{"href":"https:\/\/www.kgs-janusz-korczak.de\/index.php?rest_route=%2Fwp%2Fv2%2Fmedia&parent=6041"}],"curies":[{"name":"wp","href":"https:\/\/api.w.org\/{rel}","templated":true}]}}